{"id":7889,"date":"2023-06-08T09:27:36","date_gmt":"2023-06-08T09:27:36","guid":{"rendered":"https:\/\/kompauto.com\/?post_type=product&#038;p=7889"},"modified":"2024-10-24T09:48:06","modified_gmt":"2024-10-24T09:48:06","slug":"suto-s305","status":"publish","type":"product","link":"https:\/\/old.kompauto.com\/no\/produkt\/suto-s305\/","title":{"rendered":"SUTO S305"},"content":{"rendered":"<p>Kj\u00f8let\u00f8rkere er den vanligste typen t\u00f8rker innen trykkluftbehandling. Hvis \u00f8nsket t\u00f8rking ikke oppn\u00e5s, kan effekten av v\u00e5t luft f\u00f8re til rust i r\u00f8rene, maskinsvikt og en negativ innvirkning p\u00e5 produktkvaliteten. Med SUTO S305 tilbyr SUTO en duggpunktsoverv\u00e5kingsenhet som gir alarmindikasjoner n\u00e5r duggpunktet ikke er innenfor det \u00f8nskede omr\u00e5det.<\/p>\n<p>Alt-i-ett duggpunktsmonitoren er en komplett m\u00e5le- og overv\u00e5kingsenhet. Tilkobling til trykkluftnettet skjer via en 6 mm hurtigkobling og tilh\u00f8rende tilkoblingsslange. Hele m\u00e5leenheten er integrert sammen med displayet i et robust IP65-klassifisert hus, og er tilgjengelig b\u00e5de for panelmontering og som veggmontert enhet. To alarmniv\u00e5er kan programmeres (foralarm og hovedalarm), med optisk indikering eller separate rel\u00e9utganger. S305 gir enkel og rimelig duggpunktoverv\u00e5king<\/p>","protected":false},"excerpt":{"rendered":"<p>Duggpunktsmonitor for trykkluft og gass<\/p>","protected":false},"featured_media":7918,"template":"","meta":{"_acf_changed":false,"content-type":"","site-sidebar-layout":"default","site-content-layout":"default","ast-site-content-layout":"default","site-content-style":"default","site-sidebar-style":"default","ast-global-header-display":"","ast-banner-title-visibility":"","ast-main-header-display":"","ast-hfb-above-header-display":"","ast-hfb-below-header-display":"","ast-hfb-mobile-header-display":"","site-post-title":"","ast-breadcrumbs-content":"","ast-featured-img":"","footer-sml-layout":"","theme-transparent-header-meta":"default","adv-header-id-meta":"","stick-header-meta":"default","header-above-stick-meta":"","header-main-stick-meta":"","header-below-stick-meta":"","astra-migrate-meta-layouts":"set","ast-page-background-enabled":"default","ast-page-background-meta":{"desktop":{"background-color":"","background-image":"","background-repeat":"repeat","background-position":"center center","background-size":"auto","background-attachment":"scroll","background-type":"","background-media":"","overlay-type":"","overlay-color":"","overlay-opacity":"","overlay-gradient":""},"tablet":{"background-color":"","background-image":"","background-repeat":"repeat","background-position":"center center","background-size":"auto","background-attachment":"scroll","background-type":"","background-media":"","overlay-type":"","overlay-color":"","overlay-opacity":"","overlay-gradient":""},"mobile":{"background-color":"","background-image":"","background-repeat":"repeat","background-position":"center center","background-size":"auto","background-attachment":"scroll","background-type":"","background-media":"","overlay-type":"","overlay-color":"","overlay-opacity":"","overlay-gradient":""}},"ast-content-background-meta":{"desktop":{"background-color":"var(--ast-global-color-5)","background-image":"","background-repeat":"repeat","background-position":"center center","background-size":"auto","background-attachment":"scroll","background-type":"","background-media":"","overlay-type":"","overlay-color":"","overlay-opacity":"","overlay-gradient":""},"tablet":{"background-color":"var(--ast-global-color-5)","background-image":"","background-repeat":"repeat","background-position":"center center","background-size":"auto","background-attachment":"scroll","background-type":"","background-media":"","overlay-type":"","overlay-color":"","overlay-opacity":"","overlay-gradient":""},"mobile":{"background-color":"var(--ast-global-color-5)","background-image":"","background-repeat":"repeat","background-position":"center center","background-size":"auto","background-attachment":"scroll","background-type":"","background-media":"","overlay-type":"","overlay-color":"","overlay-opacity":"","overlay-gradient":""}}},"product_brand":[],"product_cat":[103],"product_tag":[355],"class_list":{"0":"post-7889","1":"product","2":"type-product","3":"status-publish","4":"has-post-thumbnail","6":"product_cat-daggpunktsgivare","7":"product_tag-suto-itec","8":"pa_daggpunktsomrade-20-50c-td","9":"pa_daggpunktsomrade-50-20c-td","10":"pa_matningsspanning-230-vac","11":"pa_matningsspanning-24-vdc","12":"pa_visuellt-larm-ja","13":"pa_visuellt-larm-nej","14":"desktop-align-left","15":"tablet-align-left","16":"mobile-align-left","17":"ast-product-gallery-layout-horizontal","18":"ast-product-gallery-with-no-image","19":"ast-product-tabs-layout-horizontal","21":"first","22":"instock","23":"sale","24":"shipping-taxable","25":"purchasable","26":"product-type-simple"},"acf":[],"_links":{"self":[{"href":"https:\/\/old.kompauto.com\/no\/wp-json\/wp\/v2\/product\/7889","targetHints":{"allow":["GET"]}}],"collection":[{"href":"https:\/\/old.kompauto.com\/no\/wp-json\/wp\/v2\/product"}],"about":[{"href":"https:\/\/old.kompauto.com\/no\/wp-json\/wp\/v2\/types\/product"}],"version-history":[{"count":0,"href":"https:\/\/old.kompauto.com\/no\/wp-json\/wp\/v2\/product\/7889\/revisions"}],"wp:featuredmedia":[{"embeddable":true,"href":"https:\/\/old.kompauto.com\/no\/wp-json\/wp\/v2\/media\/7918"}],"wp:attachment":[{"href":"https:\/\/old.kompauto.com\/no\/wp-json\/wp\/v2\/media?parent=7889"}],"wp:term":[{"taxonomy":"product_brand","embeddable":true,"href":"https:\/\/old.kompauto.com\/no\/wp-json\/wp\/v2\/product_brand?post=7889"},{"taxonomy":"product_cat","embeddable":true,"href":"https:\/\/old.kompauto.com\/no\/wp-json\/wp\/v2\/product_cat?post=7889"},{"taxonomy":"product_tag","embeddable":true,"href":"https:\/\/old.kompauto.com\/no\/wp-json\/wp\/v2\/product_tag?post=7889"}],"curies":[{"name":"wp","href":"https:\/\/api.w.org\/{rel}","templated":true}]}}