{"id":7785,"date":"2023-06-08T09:26:17","date_gmt":"2023-06-08T09:26:17","guid":{"rendered":"https:\/\/kompauto.com\/?post_type=product&#038;p=7785"},"modified":"2024-03-07T08:56:13","modified_gmt":"2024-03-07T08:56:13","slug":"milliarder-405","status":"publish","type":"product","link":"https:\/\/old.kompauto.com\/no\/produkt\/milliarder-405\/","title":{"rendered":"MRD-405"},"content":{"rendered":"<p>Fj\u00e4rr\u00e5tkomst tar bort gr\u00e4nser, eliminerar behovet av tidskr\u00e4vande platsbes\u00f6k och tillhandah\u00e5ller en n\u00e4tverksinfrastruktur som l\u00e4mpar sig f\u00f6r dagens &#8221;alltid-p\u00e5&#8221; samh\u00e4lle.<\/p>\n<p>En kompakt design med alle grensesnitt og lysdioder p\u00e5 fronten gj\u00f8r enheten sv\u00e6rt godt egnet for industrielle bruksomr\u00e5der. Den innebygde Ethernet-svitsjen med to porter gj\u00f8r det enkelt \u00e5 integrere med andre enheter.<\/p>\n<p>Stabiliteten til mobiltilkoblinger kan p\u00e5virkes av en rekke parametere, og for \u00e5 sikre konstant tilkobling har MRD-serien den kundehostede Connection Manager. Enheten overv\u00e5ker mobiltilkoblingen og l\u00f8ser de fleste nettverksrelaterte problemer uten menneskelig inngripen, slik at un\u00f8dvendige bes\u00f8k p\u00e5 stedet unng\u00e5s!<\/p>\n<p>Enheter som er koblet til Internett, krever mottiltak mot cybertrusler. MRD-405 tilbyr beskyttelse av overf\u00f8ringer mot ondsinnede avlyttere via krypterte kommunikasjonstunneler (VPN), og har en enkel, men kraftig brannmur for pakkeinspeksjon.<\/p>\n<p>Det er sv\u00e6rt enkelt \u00e5 konfigurere enheten med det innebygde webgrensesnittet, uten behov for spesielle AT-kommandoer eller lignende. Enheten kan ogs\u00e5 tilby b\u00e5de administrasjon og overv\u00e5king via SMS, for eksempel kan en SMS sendes for \u00e5 starte et VPN.<\/p>","protected":false},"excerpt":{"rendered":"<p>Industriell 4G LTE mobilruter<\/p>","protected":false},"featured_media":9549,"template":"","meta":{"_acf_changed":false,"content-type":"","site-sidebar-layout":"default","site-content-layout":"default","ast-site-content-layout":"default","site-content-style":"default","site-sidebar-style":"default","ast-global-header-display":"","ast-banner-title-visibility":"","ast-main-header-display":"","ast-hfb-above-header-display":"","ast-hfb-below-header-display":"","ast-hfb-mobile-header-display":"","site-post-title":"","ast-breadcrumbs-content":"","ast-featured-img":"","footer-sml-layout":"","theme-transparent-header-meta":"default","adv-header-id-meta":"","stick-header-meta":"default","header-above-stick-meta":"","header-main-stick-meta":"","header-below-stick-meta":"","astra-migrate-meta-layouts":"set","ast-page-background-enabled":"default","ast-page-background-meta":{"desktop":{"background-color":"","background-image":"","background-repeat":"repeat","background-position":"center center","background-size":"auto","background-attachment":"scroll","background-type":"","background-media":"","overlay-type":"","overlay-color":"","overlay-opacity":"","overlay-gradient":""},"tablet":{"background-color":"","background-image":"","background-repeat":"repeat","background-position":"center center","background-size":"auto","background-attachment":"scroll","background-type":"","background-media":"","overlay-type":"","overlay-color":"","overlay-opacity":"","overlay-gradient":""},"mobile":{"background-color":"","background-image":"","background-repeat":"repeat","background-position":"center center","background-size":"auto","background-attachment":"scroll","background-type":"","background-media":"","overlay-type":"","overlay-color":"","overlay-opacity":"","overlay-gradient":""}},"ast-content-background-meta":{"desktop":{"background-color":"var(--ast-global-color-5)","background-image":"","background-repeat":"repeat","background-position":"center center","background-size":"auto","background-attachment":"scroll","background-type":"","background-media":"","overlay-type":"","overlay-color":"","overlay-opacity":"","overlay-gradient":""},"tablet":{"background-color":"var(--ast-global-color-5)","background-image":"","background-repeat":"repeat","background-position":"center center","background-size":"auto","background-attachment":"scroll","background-type":"","background-media":"","overlay-type":"","overlay-color":"","overlay-opacity":"","overlay-gradient":""},"mobile":{"background-color":"var(--ast-global-color-5)","background-image":"","background-repeat":"repeat","background-position":"center center","background-size":"auto","background-attachment":"scroll","background-type":"","background-media":"","overlay-type":"","overlay-color":"","overlay-opacity":"","overlay-gradient":""}}},"product_brand":[],"product_cat":[115],"product_tag":[],"class_list":{"0":"post-7785","1":"product","2":"type-product","3":"status-publish","4":"has-post-thumbnail","6":"product_cat-gsm-modem","7":"desktop-align-left","8":"tablet-align-left","9":"mobile-align-left","10":"ast-product-gallery-layout-horizontal","11":"ast-product-gallery-with-no-image","12":"ast-product-tabs-layout-horizontal","14":"first","15":"instock","16":"sale","17":"shipping-taxable","18":"purchasable","19":"product-type-simple"},"acf":[],"_links":{"self":[{"href":"https:\/\/old.kompauto.com\/no\/wp-json\/wp\/v2\/product\/7785","targetHints":{"allow":["GET"]}}],"collection":[{"href":"https:\/\/old.kompauto.com\/no\/wp-json\/wp\/v2\/product"}],"about":[{"href":"https:\/\/old.kompauto.com\/no\/wp-json\/wp\/v2\/types\/product"}],"version-history":[{"count":0,"href":"https:\/\/old.kompauto.com\/no\/wp-json\/wp\/v2\/product\/7785\/revisions"}],"wp:featuredmedia":[{"embeddable":true,"href":"https:\/\/old.kompauto.com\/no\/wp-json\/wp\/v2\/media\/9549"}],"wp:attachment":[{"href":"https:\/\/old.kompauto.com\/no\/wp-json\/wp\/v2\/media?parent=7785"}],"wp:term":[{"taxonomy":"product_brand","embeddable":true,"href":"https:\/\/old.kompauto.com\/no\/wp-json\/wp\/v2\/product_brand?post=7785"},{"taxonomy":"product_cat","embeddable":true,"href":"https:\/\/old.kompauto.com\/no\/wp-json\/wp\/v2\/product_cat?post=7785"},{"taxonomy":"product_tag","embeddable":true,"href":"https:\/\/old.kompauto.com\/no\/wp-json\/wp\/v2\/product_tag?post=7785"}],"curies":[{"name":"wp","href":"https:\/\/api.w.org\/{rel}","templated":true}]}}