{"id":7778,"date":"2023-06-08T09:26:16","date_gmt":"2023-06-08T09:26:16","guid":{"rendered":"https:\/\/kompauto.com\/?post_type=product&#038;p=7778"},"modified":"2025-04-25T08:12:58","modified_gmt":"2025-04-25T08:12:58","slug":"kobold-man-lc","status":"publish","type":"product","link":"https:\/\/old.kompauto.com\/no\/produkt\/kobold-man-lc\/","title":{"rendered":"Kobold MAN-LC digital trykkm\u00e5ler"},"content":{"rendered":"<h2>MAN-LC digitalt manometer for m\u00e5ling av trykk<\/h2>\n<p>Avansert trykkm\u00e5ler utstyrt med et femsifret LCD-display med hvit bakgrunnsbelysning, kapasitive knapper og IO-Link-funksjon. Elektronikken kan roteres i 90\u00b0-trinn for fleksibel installasjon. Manometeret har to universelt konfigurerbare signalutganger og tilbyr funksjoner som toppminne, tarafunksjon og valgbare m\u00e5leenheter. Den viser, overv\u00e5ker og fjernoverf\u00f8rer data fra trykkavhengige applikasjoner.<\/p>\n<p>De intelligente digitale trykkm\u00e5lerne fra KOBOLD er utviklet for \u00e5 vise, overv\u00e5ke og til og med fjernoverf\u00f8re trykkm\u00e5linger i maskiner og systemer. Det m\u00e5lte trykket registreres av en keramisk sensor eller en metallsensor og vises tydelig p\u00e5 displayet. MAN-LC-versjonen har to universelle signalutganger, alternativt kan et rel\u00e9kort (tilleggsutstyr) drive opptil to potensialfrie rel\u00e9er. I trykkbryterversjonen med integrert rel\u00e9 kan b\u00e5de koblingspunktet og hysteresen enkelt stilles inn via membranknappene.<\/p>\n<p>Manometeret har flere prosesstilkoblinger, hvorav noen kan dreies aksialt etter at l\u00e5semutteren er l\u00f8snet. Takket v\u00e6re allsidigheten og de avanserte funksjonene er MAN-LC en ideell l\u00f8sning for presis trykkm\u00e5ling og -overv\u00e5king i ulike industrimilj\u00f8er. <a title=\"trykkm\u00e5ler\" href=\"https:\/\/old.kompauto.com\/no\/produktkategori\/trykkmater\/manometre\/\" target=\"_blank\" rel=\"noopener\">Se v\u00e5re andre produkter for trykkm\u00e5ling her.<\/a><\/p>","protected":false},"excerpt":{"rendered":"<p>Trykkm\u00e5ler med IO-Link<\/p>","protected":false},"featured_media":7855,"template":"","meta":{"_acf_changed":false,"content-type":"","site-sidebar-layout":"default","site-content-layout":"default","ast-site-content-layout":"default","site-content-style":"default","site-sidebar-style":"default","ast-global-header-display":"","ast-banner-title-visibility":"","ast-main-header-display":"","ast-hfb-above-header-display":"","ast-hfb-below-header-display":"","ast-hfb-mobile-header-display":"","site-post-title":"","ast-breadcrumbs-content":"","ast-featured-img":"","footer-sml-layout":"","theme-transparent-header-meta":"default","adv-header-id-meta":"","stick-header-meta":"default","header-above-stick-meta":"","header-main-stick-meta":"","header-below-stick-meta":"","astra-migrate-meta-layouts":"set","ast-page-background-enabled":"default","ast-page-background-meta":{"desktop":{"background-color":"","background-image":"","background-repeat":"repeat","background-position":"center center","background-size":"auto","background-attachment":"scroll","background-type":"","background-media":"","overlay-type":"","overlay-color":"","overlay-opacity":"","overlay-gradient":""},"tablet":{"background-color":"","background-image":"","background-repeat":"repeat","background-position":"center center","background-size":"auto","background-attachment":"scroll","background-type":"","background-media":"","overlay-type":"","overlay-color":"","overlay-opacity":"","overlay-gradient":""},"mobile":{"background-color":"","background-image":"","background-repeat":"repeat","background-position":"center center","background-size":"auto","background-attachment":"scroll","background-type":"","background-media":"","overlay-type":"","overlay-color":"","overlay-opacity":"","overlay-gradient":""}},"ast-content-background-meta":{"desktop":{"background-color":"var(--ast-global-color-5)","background-image":"","background-repeat":"repeat","background-position":"center center","background-size":"auto","background-attachment":"scroll","background-type":"","background-media":"","overlay-type":"","overlay-color":"","overlay-opacity":"","overlay-gradient":""},"tablet":{"background-color":"var(--ast-global-color-5)","background-image":"","background-repeat":"repeat","background-position":"center center","background-size":"auto","background-attachment":"scroll","background-type":"","background-media":"","overlay-type":"","overlay-color":"","overlay-opacity":"","overlay-gradient":""},"mobile":{"background-color":"var(--ast-global-color-5)","background-image":"","background-repeat":"repeat","background-position":"center center","background-size":"auto","background-attachment":"scroll","background-type":"","background-media":"","overlay-type":"","overlay-color":"","overlay-opacity":"","overlay-gradient":""}}},"product_brand":[],"product_cat":[89,112],"product_tag":[353],"class_list":{"0":"post-7778","1":"product","2":"type-product","3":"status-publish","4":"has-post-thumbnail","6":"product_cat-manometrar","7":"product_cat-portabla-tryckgivare","8":"product_tag-kobold-messring","9":"desktop-align-left","10":"tablet-align-left","11":"mobile-align-left","12":"ast-product-gallery-layout-horizontal","13":"ast-product-tabs-layout-horizontal","15":"first","16":"instock","17":"sale","18":"shipping-taxable","19":"purchasable","20":"product-type-simple"},"acf":[],"_links":{"self":[{"href":"https:\/\/old.kompauto.com\/no\/wp-json\/wp\/v2\/product\/7778","targetHints":{"allow":["GET"]}}],"collection":[{"href":"https:\/\/old.kompauto.com\/no\/wp-json\/wp\/v2\/product"}],"about":[{"href":"https:\/\/old.kompauto.com\/no\/wp-json\/wp\/v2\/types\/product"}],"version-history":[{"count":5,"href":"https:\/\/old.kompauto.com\/no\/wp-json\/wp\/v2\/product\/7778\/revisions"}],"predecessor-version":[{"id":17716,"href":"https:\/\/old.kompauto.com\/no\/wp-json\/wp\/v2\/product\/7778\/revisions\/17716"}],"wp:featuredmedia":[{"embeddable":true,"href":"https:\/\/old.kompauto.com\/no\/wp-json\/wp\/v2\/media\/7855"}],"wp:attachment":[{"href":"https:\/\/old.kompauto.com\/no\/wp-json\/wp\/v2\/media?parent=7778"}],"wp:term":[{"taxonomy":"product_brand","embeddable":true,"href":"https:\/\/old.kompauto.com\/no\/wp-json\/wp\/v2\/product_brand?post=7778"},{"taxonomy":"product_cat","embeddable":true,"href":"https:\/\/old.kompauto.com\/no\/wp-json\/wp\/v2\/product_cat?post=7778"},{"taxonomy":"product_tag","embeddable":true,"href":"https:\/\/old.kompauto.com\/no\/wp-json\/wp\/v2\/product_tag?post=7778"}],"curies":[{"name":"wp","href":"https:\/\/api.w.org\/{rel}","templated":true}]}}