{"id":7774,"date":"2023-06-08T09:26:16","date_gmt":"2023-06-08T09:26:16","guid":{"rendered":"https:\/\/kompauto.com\/?post_type=product&#038;p=7774"},"modified":"2026-01-12T14:09:13","modified_gmt":"2026-01-12T14:09:13","slug":"suto-itec-s462","status":"publish","type":"product","link":"https:\/\/old.kompauto.com\/no\/produkt\/suto-itec-s462\/","title":{"rendered":"SUTO S462"},"content":{"rendered":"<p>S462 ultralydstr\u00f8mningsm\u00e5ler for vann og andre v\u00e6sker gir brukerne v\u00e5re en sv\u00e6rt \u00f8konomisk l\u00f8sning som er enkel \u00e5 installere. Ultralydstr\u00f8mningsm\u00e5leren er tilgjengelig for r\u00f8rst\u00f8rrelser fra DN10 til DN40. M\u00e5ling av v\u00e6skestr\u00f8mning og -forbruk uten \u00e5 for\u00e5rsake prosessavbrudd, trykktap eller forurensning av v\u00e6sken som skal m\u00e5les.<\/p>\n<p>S462 kan installeres p\u00e5 bare noen f\u00e5 minutter ved hjelp av snap-on-teknologien. Den kompakte designen gj\u00f8r det mulig for brukeren \u00e5 installere sensoren selv p\u00e5 begrensede steder.<\/p>\n<p>Vannstr\u00f8msm\u00e5leren kobles til et hvilket som helst overv\u00e5kingssystem gjennom analog utgang og\/eller Modbus\/RTU-grensesnitt.<\/p>\n<p>Str\u00f8mningsm\u00e5leren er utstyrt med et OLED-display og et tastatur som gj\u00f8r det enkelt \u00e5 foreta innstillinger p\u00e5 stedet. Skjermen kan vendes slik at den kan leses i alle installasjonsretninger.<\/p>","protected":false},"excerpt":{"rendered":"<p>Liten og fleksibel ultralydstr\u00f8mningsm\u00e5ler<\/p>","protected":false},"featured_media":11980,"template":"","meta":{"_acf_changed":false,"content-type":"","site-sidebar-layout":"default","site-content-layout":"default","ast-site-content-layout":"default","site-content-style":"default","site-sidebar-style":"default","ast-global-header-display":"","ast-banner-title-visibility":"","ast-main-header-display":"","ast-hfb-above-header-display":"","ast-hfb-below-header-display":"","ast-hfb-mobile-header-display":"","site-post-title":"","ast-breadcrumbs-content":"","ast-featured-img":"","footer-sml-layout":"","theme-transparent-header-meta":"default","adv-header-id-meta":"","stick-header-meta":"default","header-above-stick-meta":"","header-main-stick-meta":"","header-below-stick-meta":"","astra-migrate-meta-layouts":"set","ast-page-background-enabled":"default","ast-page-background-meta":{"desktop":{"background-color":"","background-image":"","background-repeat":"repeat","background-position":"center center","background-size":"auto","background-attachment":"scroll","background-type":"","background-media":"","overlay-type":"","overlay-color":"","overlay-opacity":"","overlay-gradient":""},"tablet":{"background-color":"","background-image":"","background-repeat":"repeat","background-position":"center center","background-size":"auto","background-attachment":"scroll","background-type":"","background-media":"","overlay-type":"","overlay-color":"","overlay-opacity":"","overlay-gradient":""},"mobile":{"background-color":"","background-image":"","background-repeat":"repeat","background-position":"center center","background-size":"auto","background-attachment":"scroll","background-type":"","background-media":"","overlay-type":"","overlay-color":"","overlay-opacity":"","overlay-gradient":""}},"ast-content-background-meta":{"desktop":{"background-color":"var(--ast-global-color-5)","background-image":"","background-repeat":"repeat","background-position":"center center","background-size":"auto","background-attachment":"scroll","background-type":"","background-media":"","overlay-type":"","overlay-color":"","overlay-opacity":"","overlay-gradient":""},"tablet":{"background-color":"var(--ast-global-color-5)","background-image":"","background-repeat":"repeat","background-position":"center center","background-size":"auto","background-attachment":"scroll","background-type":"","background-media":"","overlay-type":"","overlay-color":"","overlay-opacity":"","overlay-gradient":""},"mobile":{"background-color":"var(--ast-global-color-5)","background-image":"","background-repeat":"repeat","background-position":"center center","background-size":"auto","background-attachment":"scroll","background-type":"","background-media":"","overlay-type":"","overlay-color":"","overlay-opacity":"","overlay-gradient":""}}},"product_brand":[],"product_cat":[65,489],"product_tag":[355],"class_list":{"0":"post-7774","1":"product","2":"type-product","3":"status-publish","4":"has-post-thumbnail","6":"product_cat-flodesmatare-ultraljud","7":"product_cat-flodesmatare-vatskor","8":"product_tag-suto-itec","9":"desktop-align-left","10":"tablet-align-left","11":"mobile-align-left","12":"ast-product-gallery-layout-horizontal","13":"ast-product-tabs-layout-horizontal","15":"first","16":"instock","17":"sale","18":"shipping-taxable","19":"purchasable","20":"product-type-simple"},"acf":[],"_links":{"self":[{"href":"https:\/\/old.kompauto.com\/no\/wp-json\/wp\/v2\/product\/7774","targetHints":{"allow":["GET"]}}],"collection":[{"href":"https:\/\/old.kompauto.com\/no\/wp-json\/wp\/v2\/product"}],"about":[{"href":"https:\/\/old.kompauto.com\/no\/wp-json\/wp\/v2\/types\/product"}],"version-history":[{"count":4,"href":"https:\/\/old.kompauto.com\/no\/wp-json\/wp\/v2\/product\/7774\/revisions"}],"predecessor-version":[{"id":17438,"href":"https:\/\/old.kompauto.com\/no\/wp-json\/wp\/v2\/product\/7774\/revisions\/17438"}],"wp:featuredmedia":[{"embeddable":true,"href":"https:\/\/old.kompauto.com\/no\/wp-json\/wp\/v2\/media\/11980"}],"wp:attachment":[{"href":"https:\/\/old.kompauto.com\/no\/wp-json\/wp\/v2\/media?parent=7774"}],"wp:term":[{"taxonomy":"product_brand","embeddable":true,"href":"https:\/\/old.kompauto.com\/no\/wp-json\/wp\/v2\/product_brand?post=7774"},{"taxonomy":"product_cat","embeddable":true,"href":"https:\/\/old.kompauto.com\/no\/wp-json\/wp\/v2\/product_cat?post=7774"},{"taxonomy":"product_tag","embeddable":true,"href":"https:\/\/old.kompauto.com\/no\/wp-json\/wp\/v2\/product_tag?post=7774"}],"curies":[{"name":"wp","href":"https:\/\/api.w.org\/{rel}","templated":true}]}}