{"id":7767,"date":"2023-06-08T09:26:15","date_gmt":"2023-06-08T09:26:15","guid":{"rendered":"https:\/\/kompauto.com\/?post_type=product&#038;p=7767"},"modified":"2026-01-30T15:46:38","modified_gmt":"2026-01-30T15:46:38","slug":"alicat-coda","status":"publish","type":"product","link":"https:\/\/old.kompauto.com\/no\/produkt\/alicat-coda\/","title":{"rendered":"Alicat CODA"},"content":{"rendered":"<p>Coda Coriolis massestr\u00f8mningsm\u00e5lere og str\u00f8mningsregulatorer er begge kompakte (dimensjoner: 90 mm x 30 mm x 100 mm) og reagerer raskt p\u00e5 skiftende prosessforhold, samtidig som de tilbyr en unik design som gj\u00f8r dem sv\u00e6rt uf\u00f8lsomme for ytre vibrasjoner. Coda coriolis str\u00f8mningsregulatorer har en utmerket n\u00f8yaktighet p\u00e5 \u00b1 0,2 % av avlesningen for v\u00e6sker og \u00b1 0,5 % av avlesningen for gasser, samtidig som de opprettholder en repeterbarhet p\u00e5 \u00b1 0,05 %.<\/p>","protected":false},"excerpt":{"rendered":"<p>Coriolis 0-100\/1000\/10 000 g\/t<\/p>","protected":false},"featured_media":14608,"template":"","meta":{"_acf_changed":false,"content-type":"","site-sidebar-layout":"default","site-content-layout":"default","ast-site-content-layout":"default","site-content-style":"default","site-sidebar-style":"default","ast-global-header-display":"","ast-banner-title-visibility":"","ast-main-header-display":"","ast-hfb-above-header-display":"","ast-hfb-below-header-display":"","ast-hfb-mobile-header-display":"","site-post-title":"","ast-breadcrumbs-content":"","ast-featured-img":"","footer-sml-layout":"","theme-transparent-header-meta":"default","adv-header-id-meta":"","stick-header-meta":"default","header-above-stick-meta":"","header-main-stick-meta":"","header-below-stick-meta":"","astra-migrate-meta-layouts":"set","ast-page-background-enabled":"default","ast-page-background-meta":{"desktop":{"background-color":"","background-image":"","background-repeat":"repeat","background-position":"center center","background-size":"auto","background-attachment":"scroll","background-type":"","background-media":"","overlay-type":"","overlay-color":"","overlay-opacity":"","overlay-gradient":""},"tablet":{"background-color":"","background-image":"","background-repeat":"repeat","background-position":"center center","background-size":"auto","background-attachment":"scroll","background-type":"","background-media":"","overlay-type":"","overlay-color":"","overlay-opacity":"","overlay-gradient":""},"mobile":{"background-color":"","background-image":"","background-repeat":"repeat","background-position":"center center","background-size":"auto","background-attachment":"scroll","background-type":"","background-media":"","overlay-type":"","overlay-color":"","overlay-opacity":"","overlay-gradient":""}},"ast-content-background-meta":{"desktop":{"background-color":"var(--ast-global-color-5)","background-image":"","background-repeat":"repeat","background-position":"center center","background-size":"auto","background-attachment":"scroll","background-type":"","background-media":"","overlay-type":"","overlay-color":"","overlay-opacity":"","overlay-gradient":""},"tablet":{"background-color":"var(--ast-global-color-5)","background-image":"","background-repeat":"repeat","background-position":"center center","background-size":"auto","background-attachment":"scroll","background-type":"","background-media":"","overlay-type":"","overlay-color":"","overlay-opacity":"","overlay-gradient":""},"mobile":{"background-color":"var(--ast-global-color-5)","background-image":"","background-repeat":"repeat","background-position":"center center","background-size":"auto","background-attachment":"scroll","background-type":"","background-media":"","overlay-type":"","overlay-color":"","overlay-opacity":"","overlay-gradient":""}}},"product_brand":[],"product_cat":[68,491,489,494,506,507,505,463,508],"product_tag":[345],"class_list":{"0":"post-7767","1":"product","2":"type-product","3":"status-publish","4":"has-post-thumbnail","6":"product_cat-massflodesmatare","7":"product_cat-flodesmatare-gas","8":"product_cat-flodesmatare-vatskor","9":"product_cat-flodesregulator","10":"product_cat-gas-flodesregulator","11":"product_cat-luft-flodesregulator","12":"product_cat-vatten","13":"product_cat-massflodesregulatorer","14":"product_cat-gas-massflodesregulatorer","15":"product_tag-alicat-scientific","16":"pa_tillverkare-alicat-scientific","17":"desktop-align-left","18":"tablet-align-left","19":"mobile-align-left","20":"ast-product-gallery-layout-horizontal","21":"ast-product-tabs-layout-horizontal","23":"first","24":"instock","25":"sale","26":"shipping-taxable","27":"purchasable","28":"product-type-simple"},"acf":[],"_links":{"self":[{"href":"https:\/\/old.kompauto.com\/no\/wp-json\/wp\/v2\/product\/7767","targetHints":{"allow":["GET"]}}],"collection":[{"href":"https:\/\/old.kompauto.com\/no\/wp-json\/wp\/v2\/product"}],"about":[{"href":"https:\/\/old.kompauto.com\/no\/wp-json\/wp\/v2\/types\/product"}],"version-history":[{"count":1,"href":"https:\/\/old.kompauto.com\/no\/wp-json\/wp\/v2\/product\/7767\/revisions"}],"predecessor-version":[{"id":17673,"href":"https:\/\/old.kompauto.com\/no\/wp-json\/wp\/v2\/product\/7767\/revisions\/17673"}],"wp:featuredmedia":[{"embeddable":true,"href":"https:\/\/old.kompauto.com\/no\/wp-json\/wp\/v2\/media\/14608"}],"wp:attachment":[{"href":"https:\/\/old.kompauto.com\/no\/wp-json\/wp\/v2\/media?parent=7767"}],"wp:term":[{"taxonomy":"product_brand","embeddable":true,"href":"https:\/\/old.kompauto.com\/no\/wp-json\/wp\/v2\/product_brand?post=7767"},{"taxonomy":"product_cat","embeddable":true,"href":"https:\/\/old.kompauto.com\/no\/wp-json\/wp\/v2\/product_cat?post=7767"},{"taxonomy":"product_tag","embeddable":true,"href":"https:\/\/old.kompauto.com\/no\/wp-json\/wp\/v2\/product_tag?post=7767"}],"curies":[{"name":"wp","href":"https:\/\/api.w.org\/{rel}","templated":true}]}}