{"id":7700,"date":"2023-06-08T09:25:08","date_gmt":"2023-06-08T09:25:08","guid":{"rendered":"https:\/\/kompauto.com\/?post_type=product&#038;p=7700"},"modified":"2026-01-12T13:20:16","modified_gmt":"2026-01-12T13:20:16","slug":"termisk-massestromningsmaler-s421-inline","status":"publish","type":"product","link":"https:\/\/old.kompauto.com\/no\/produkt\/termisk-massestromningsmaler-s421-inline\/","title":{"rendered":"SUTO S421 Str\u00f8mningsm\u00e5ler for trykkluft og gass"},"content":{"rendered":"<h2>Presisjonsstr\u00f8mningsm\u00e5lere for gasser og trykkluft<\/h2>\n<p>Termisk massestr\u00f8mningsm\u00e5ler fra SUTO iTEC. Brukes til str\u00f8mningsm\u00e5ling, overv\u00e5king og forbruk av trykkluft, men ogs\u00e5 andre gasser. S421 leveres i inline-versjon for dimensjoner mellom DN15 og DN80, den er utstyrt med et 4..20mA signal og pulsutgang, Modbus RTU er tilgjengelig som et alternativ. <a title=\"Se v\u00e5re produkter og tilbeh\u00f8r for h\u00f8y n\u00f8yaktighet i ulike bruksomr\u00e5der her\" href=\"https:\/\/old.kompauto.com\/no\/produktkategori\/flom-mater\/\" target=\"_blank\" rel=\"noopener\">Se v\u00e5re produkter og tilbeh\u00f8r for h\u00f8y n\u00f8yaktighet i ulike bruksomr\u00e5der her<\/a>.<\/p>","protected":false},"excerpt":{"rendered":"<p>Termisk inline massestr\u00f8msm\u00e5ler for trykkluft- og gassm\u00e5ling<\/p>","protected":false},"featured_media":5862,"template":"","meta":{"_acf_changed":false,"content-type":"","site-sidebar-layout":"default","site-content-layout":"default","ast-site-content-layout":"default","site-content-style":"default","site-sidebar-style":"default","ast-global-header-display":"","ast-banner-title-visibility":"","ast-main-header-display":"","ast-hfb-above-header-display":"","ast-hfb-below-header-display":"","ast-hfb-mobile-header-display":"","site-post-title":"","ast-breadcrumbs-content":"","ast-featured-img":"","footer-sml-layout":"","theme-transparent-header-meta":"default","adv-header-id-meta":"","stick-header-meta":"default","header-above-stick-meta":"","header-main-stick-meta":"","header-below-stick-meta":"","astra-migrate-meta-layouts":"set","ast-page-background-enabled":"default","ast-page-background-meta":{"desktop":{"background-color":"","background-image":"","background-repeat":"repeat","background-position":"center center","background-size":"auto","background-attachment":"scroll","background-type":"","background-media":"","overlay-type":"","overlay-color":"","overlay-opacity":"","overlay-gradient":""},"tablet":{"background-color":"","background-image":"","background-repeat":"repeat","background-position":"center center","background-size":"auto","background-attachment":"scroll","background-type":"","background-media":"","overlay-type":"","overlay-color":"","overlay-opacity":"","overlay-gradient":""},"mobile":{"background-color":"","background-image":"","background-repeat":"repeat","background-position":"center center","background-size":"auto","background-attachment":"scroll","background-type":"","background-media":"","overlay-type":"","overlay-color":"","overlay-opacity":"","overlay-gradient":""}},"ast-content-background-meta":{"desktop":{"background-color":"var(--ast-global-color-5)","background-image":"","background-repeat":"repeat","background-position":"center center","background-size":"auto","background-attachment":"scroll","background-type":"","background-media":"","overlay-type":"","overlay-color":"","overlay-opacity":"","overlay-gradient":""},"tablet":{"background-color":"var(--ast-global-color-5)","background-image":"","background-repeat":"repeat","background-position":"center center","background-size":"auto","background-attachment":"scroll","background-type":"","background-media":"","overlay-type":"","overlay-color":"","overlay-opacity":"","overlay-gradient":""},"mobile":{"background-color":"var(--ast-global-color-5)","background-image":"","background-repeat":"repeat","background-position":"center center","background-size":"auto","background-attachment":"scroll","background-type":"","background-media":"","overlay-type":"","overlay-color":"","overlay-opacity":"","overlay-gradient":""}}},"product_brand":[],"product_cat":[491,492,68],"product_tag":[355],"class_list":{"0":"post-7700","1":"product","2":"type-product","3":"status-publish","4":"has-post-thumbnail","6":"product_cat-flodesmatare-gas","7":"product_cat-flodesmatare-luft-tryckluft","8":"product_cat-massflodesmatare","9":"product_tag-suto-itec","10":"desktop-align-left","11":"tablet-align-left","12":"mobile-align-left","13":"ast-product-gallery-layout-horizontal","14":"ast-product-tabs-layout-horizontal","16":"first","17":"instock","18":"sale","19":"shipping-taxable","20":"purchasable","21":"product-type-simple"},"acf":[],"_links":{"self":[{"href":"https:\/\/old.kompauto.com\/no\/wp-json\/wp\/v2\/product\/7700","targetHints":{"allow":["GET"]}}],"collection":[{"href":"https:\/\/old.kompauto.com\/no\/wp-json\/wp\/v2\/product"}],"about":[{"href":"https:\/\/old.kompauto.com\/no\/wp-json\/wp\/v2\/types\/product"}],"version-history":[{"count":3,"href":"https:\/\/old.kompauto.com\/no\/wp-json\/wp\/v2\/product\/7700\/revisions"}],"predecessor-version":[{"id":17669,"href":"https:\/\/old.kompauto.com\/no\/wp-json\/wp\/v2\/product\/7700\/revisions\/17669"}],"wp:featuredmedia":[{"embeddable":true,"href":"https:\/\/old.kompauto.com\/no\/wp-json\/wp\/v2\/media\/5862"}],"wp:attachment":[{"href":"https:\/\/old.kompauto.com\/no\/wp-json\/wp\/v2\/media?parent=7700"}],"wp:term":[{"taxonomy":"product_brand","embeddable":true,"href":"https:\/\/old.kompauto.com\/no\/wp-json\/wp\/v2\/product_brand?post=7700"},{"taxonomy":"product_cat","embeddable":true,"href":"https:\/\/old.kompauto.com\/no\/wp-json\/wp\/v2\/product_cat?post=7700"},{"taxonomy":"product_tag","embeddable":true,"href":"https:\/\/old.kompauto.com\/no\/wp-json\/wp\/v2\/product_tag?post=7700"}],"curies":[{"name":"wp","href":"https:\/\/api.w.org\/{rel}","templated":true}]}}