{"id":7699,"date":"2023-06-08T09:25:08","date_gmt":"2023-06-08T09:25:08","guid":{"rendered":"https:\/\/kompauto.com\/?post_type=product&#038;p=7699"},"modified":"2026-01-12T13:25:16","modified_gmt":"2026-01-12T13:25:16","slug":"termisk-massestromsmater-s401","status":"publish","type":"product","link":"https:\/\/old.kompauto.com\/no\/produkt\/termisk-massestromsmater-s401\/","title":{"rendered":"SUTO S401 Str\u00f8mningsm\u00e5ler for trykkluft og gass"},"content":{"rendered":"<p>Overv\u00e5k forbruket ditt og analyser forbruket ditt med termiske massestr\u00f8mningsm\u00e5lere for str\u00f8mningsm\u00e5ling fra SUTO iTEC. Produkter som muliggj\u00f8r n\u00f8yaktig overv\u00e5king og m\u00e5ling av str\u00f8mning og totalforbruk av trykkluft, men ogs\u00e5 andre gasser. S401 leveres i plug-in-versjon for dimensjoner mellom DN25 og DN500, den er utstyrt med et 4..20mA-signal og pulsutgang, Modbus RTU er tilgjengelig som et alternativ.<\/p>\n<h2>Termisk str\u00f8mningsm\u00e5ler for trykkluft og gasser<\/h2>\n<p>&nbsp;<\/p>\n<p>Kan installeres under trykk gjennom en 1\/2\u2033 kuleventil.<br \/>\nH\u00f8y n\u00f8yaktighet for str\u00f8mningsm\u00e5ling av gass og trykkluft. Egnet for integrering i prosesskontroller og overv\u00e5kingssystemer.<br \/>\nIngen ekstra trykk-\/temperaturkompensasjon er n\u00f8dvendig takket v\u00e6re termisk massestr\u00f8mningsm\u00e5ling.<br \/>\nFleksibel og enkel installasjon.<br \/>\nLaget av IP65-polykarbonat og rustfritt st\u00e5l.<br \/>\nLokalt fargedisplay er tilgjengelig som tilbeh\u00f8r. Displayet viser aktuelle verdier, totalisering og sensorinnstillinger.<\/p>","protected":false},"excerpt":{"rendered":"<p>Termisk plug-in-massestr\u00f8mningsm\u00e5ler for m\u00e5ling av trykkluft og gass i ulike bransjer og industrielle bruksomr\u00e5der.<\/p>","protected":false},"featured_media":8615,"template":"","meta":{"_acf_changed":false,"content-type":"","site-sidebar-layout":"default","site-content-layout":"default","ast-site-content-layout":"default","site-content-style":"default","site-sidebar-style":"default","ast-global-header-display":"","ast-banner-title-visibility":"","ast-main-header-display":"","ast-hfb-above-header-display":"","ast-hfb-below-header-display":"","ast-hfb-mobile-header-display":"","site-post-title":"","ast-breadcrumbs-content":"","ast-featured-img":"","footer-sml-layout":"","theme-transparent-header-meta":"default","adv-header-id-meta":"","stick-header-meta":"default","header-above-stick-meta":"","header-main-stick-meta":"","header-below-stick-meta":"","astra-migrate-meta-layouts":"set","ast-page-background-enabled":"default","ast-page-background-meta":{"desktop":{"background-color":"","background-image":"","background-repeat":"repeat","background-position":"center center","background-size":"auto","background-attachment":"scroll","background-type":"","background-media":"","overlay-type":"","overlay-color":"","overlay-opacity":"","overlay-gradient":""},"tablet":{"background-color":"","background-image":"","background-repeat":"repeat","background-position":"center center","background-size":"auto","background-attachment":"scroll","background-type":"","background-media":"","overlay-type":"","overlay-color":"","overlay-opacity":"","overlay-gradient":""},"mobile":{"background-color":"","background-image":"","background-repeat":"repeat","background-position":"center center","background-size":"auto","background-attachment":"scroll","background-type":"","background-media":"","overlay-type":"","overlay-color":"","overlay-opacity":"","overlay-gradient":""}},"ast-content-background-meta":{"desktop":{"background-color":"var(--ast-global-color-5)","background-image":"","background-repeat":"repeat","background-position":"center center","background-size":"auto","background-attachment":"scroll","background-type":"","background-media":"","overlay-type":"","overlay-color":"","overlay-opacity":"","overlay-gradient":""},"tablet":{"background-color":"var(--ast-global-color-5)","background-image":"","background-repeat":"repeat","background-position":"center center","background-size":"auto","background-attachment":"scroll","background-type":"","background-media":"","overlay-type":"","overlay-color":"","overlay-opacity":"","overlay-gradient":""},"mobile":{"background-color":"var(--ast-global-color-5)","background-image":"","background-repeat":"repeat","background-position":"center center","background-size":"auto","background-attachment":"scroll","background-type":"","background-media":"","overlay-type":"","overlay-color":"","overlay-opacity":"","overlay-gradient":""}}},"product_brand":[],"product_cat":[491,492,68],"product_tag":[355],"class_list":{"0":"post-7699","1":"product","2":"type-product","3":"status-publish","4":"has-post-thumbnail","6":"product_cat-flodesmatare-gas","7":"product_cat-flodesmatare-luft-tryckluft","8":"product_cat-massflodesmatare","9":"product_tag-suto-itec","10":"desktop-align-left","11":"tablet-align-left","12":"mobile-align-left","13":"ast-product-gallery-layout-horizontal","14":"ast-product-tabs-layout-horizontal","16":"first","17":"instock","18":"sale","19":"shipping-taxable","20":"purchasable","21":"product-type-simple"},"acf":[],"_links":{"self":[{"href":"https:\/\/old.kompauto.com\/no\/wp-json\/wp\/v2\/product\/7699","targetHints":{"allow":["GET"]}}],"collection":[{"href":"https:\/\/old.kompauto.com\/no\/wp-json\/wp\/v2\/product"}],"about":[{"href":"https:\/\/old.kompauto.com\/no\/wp-json\/wp\/v2\/types\/product"}],"version-history":[{"count":1,"href":"https:\/\/old.kompauto.com\/no\/wp-json\/wp\/v2\/product\/7699\/revisions"}],"predecessor-version":[{"id":17668,"href":"https:\/\/old.kompauto.com\/no\/wp-json\/wp\/v2\/product\/7699\/revisions\/17668"}],"wp:featuredmedia":[{"embeddable":true,"href":"https:\/\/old.kompauto.com\/no\/wp-json\/wp\/v2\/media\/8615"}],"wp:attachment":[{"href":"https:\/\/old.kompauto.com\/no\/wp-json\/wp\/v2\/media?parent=7699"}],"wp:term":[{"taxonomy":"product_brand","embeddable":true,"href":"https:\/\/old.kompauto.com\/no\/wp-json\/wp\/v2\/product_brand?post=7699"},{"taxonomy":"product_cat","embeddable":true,"href":"https:\/\/old.kompauto.com\/no\/wp-json\/wp\/v2\/product_cat?post=7699"},{"taxonomy":"product_tag","embeddable":true,"href":"https:\/\/old.kompauto.com\/no\/wp-json\/wp\/v2\/product_tag?post=7699"}],"curies":[{"name":"wp","href":"https:\/\/api.w.org\/{rel}","templated":true}]}}