{"id":7696,"date":"2023-06-08T09:25:08","date_gmt":"2023-06-08T09:25:08","guid":{"rendered":"https:\/\/kompauto.com\/?post_type=product&#038;p=7696"},"modified":"2026-01-12T13:54:39","modified_gmt":"2026-01-12T13:54:39","slug":"dynasonics-tfx-5000","status":"publish","type":"product","link":"https:\/\/old.kompauto.com\/no\/produkt\/dynasonics-tfx-5000\/","title":{"rendered":"Dynasonics TFX-5000"},"content":{"rendered":"<p>Dynasonics TFX-5000 gjennomstr\u00f8mningsm\u00e5ler for bruk i bygningsautomatisering, oppvarming\/ventilasjon\/luftkondisjonering (HVAC), vann- og avl\u00f8psvannbehandling og -distribusjon. Designet for utenp\u00e5liggende bruk uten kontakt med vannet ved hjelp av ultralydteknologi.<\/p>\n<p>Den nye ultralydm\u00e5leren er en kostnadseffektiv l\u00f8sning for m\u00e5ling av vannstr\u00f8mning i begge retninger i en rekke ulike bruksomr\u00e5der. Typiske bruksomr\u00e5der er vannforsyningsnettverk i kommuner, vanning i landbruket og industrielle m\u00e5lepunkter for b\u00e5de lukkede kj\u00f8lesystemer og for vanndistribusjon til en rekke ulike prosesspunkter.<\/p>\n<p>TFX-5000 er en overflatemontert gjennomstr\u00f8mningsm\u00e5ler som er ideell for brukere som \u00f8nsker h\u00f8y brukervennlighet, fleksibilitet, \u00f8konomi og ytelse. M\u00e5leren er utenp\u00e5liggende og kan brukes i r\u00f8rst\u00f8rrelser fra DN12 til DN1200, uten trykkfall, uten vannkontakt og uten bevegelige deler som m\u00e5 vedlikeholdes.<\/p>\n<p>TFX-5000 er rask og enkel \u00e5 installere uten \u00e5 kutte r\u00f8r og forstyrre driften. Den kan ettermonteres i eksisterende anlegg under full drift, med sv\u00e6rt kort installasjonstid og lave materialkostnader.<\/p>","protected":false},"excerpt":{"rendered":"<p>Toveis ultralydstr\u00f8mningsm\u00e5ler for rent vann, DN12...DN1200<\/p>","protected":false},"featured_media":5842,"template":"","meta":{"_acf_changed":false,"content-type":"","site-sidebar-layout":"default","site-content-layout":"default","ast-site-content-layout":"default","site-content-style":"default","site-sidebar-style":"default","ast-global-header-display":"","ast-banner-title-visibility":"","ast-main-header-display":"","ast-hfb-above-header-display":"","ast-hfb-below-header-display":"","ast-hfb-mobile-header-display":"","site-post-title":"","ast-breadcrumbs-content":"","ast-featured-img":"","footer-sml-layout":"","theme-transparent-header-meta":"default","adv-header-id-meta":"","stick-header-meta":"default","header-above-stick-meta":"","header-main-stick-meta":"","header-below-stick-meta":"","astra-migrate-meta-layouts":"set","ast-page-background-enabled":"default","ast-page-background-meta":{"desktop":{"background-color":"","background-image":"","background-repeat":"repeat","background-position":"center center","background-size":"auto","background-attachment":"scroll","background-type":"","background-media":"","overlay-type":"","overlay-color":"","overlay-opacity":"","overlay-gradient":""},"tablet":{"background-color":"","background-image":"","background-repeat":"repeat","background-position":"center center","background-size":"auto","background-attachment":"scroll","background-type":"","background-media":"","overlay-type":"","overlay-color":"","overlay-opacity":"","overlay-gradient":""},"mobile":{"background-color":"","background-image":"","background-repeat":"repeat","background-position":"center center","background-size":"auto","background-attachment":"scroll","background-type":"","background-media":"","overlay-type":"","overlay-color":"","overlay-opacity":"","overlay-gradient":""}},"ast-content-background-meta":{"desktop":{"background-color":"var(--ast-global-color-5)","background-image":"","background-repeat":"repeat","background-position":"center center","background-size":"auto","background-attachment":"scroll","background-type":"","background-media":"","overlay-type":"","overlay-color":"","overlay-opacity":"","overlay-gradient":""},"tablet":{"background-color":"var(--ast-global-color-5)","background-image":"","background-repeat":"repeat","background-position":"center center","background-size":"auto","background-attachment":"scroll","background-type":"","background-media":"","overlay-type":"","overlay-color":"","overlay-opacity":"","overlay-gradient":""},"mobile":{"background-color":"var(--ast-global-color-5)","background-image":"","background-repeat":"repeat","background-position":"center center","background-size":"auto","background-attachment":"scroll","background-type":"","background-media":"","overlay-type":"","overlay-color":"","overlay-opacity":"","overlay-gradient":""}}},"product_brand":[],"product_cat":[364,65,489],"product_tag":[346],"class_list":{"0":"post-7696","1":"product","2":"type-product","3":"status-publish","4":"has-post-thumbnail","6":"product_cat-energimatning","7":"product_cat-flodesmatare-ultraljud","8":"product_cat-flodesmatare-vatskor","9":"product_tag-badgermeter","10":"desktop-align-left","11":"tablet-align-left","12":"mobile-align-left","13":"ast-product-gallery-layout-horizontal","14":"ast-product-tabs-layout-horizontal","16":"first","17":"instock","18":"sale","19":"shipping-taxable","20":"purchasable","21":"product-type-simple"},"acf":[],"_links":{"self":[{"href":"https:\/\/old.kompauto.com\/no\/wp-json\/wp\/v2\/product\/7696","targetHints":{"allow":["GET"]}}],"collection":[{"href":"https:\/\/old.kompauto.com\/no\/wp-json\/wp\/v2\/product"}],"about":[{"href":"https:\/\/old.kompauto.com\/no\/wp-json\/wp\/v2\/types\/product"}],"version-history":[{"count":1,"href":"https:\/\/old.kompauto.com\/no\/wp-json\/wp\/v2\/product\/7696\/revisions"}],"predecessor-version":[{"id":17440,"href":"https:\/\/old.kompauto.com\/no\/wp-json\/wp\/v2\/product\/7696\/revisions\/17440"}],"wp:featuredmedia":[{"embeddable":true,"href":"https:\/\/old.kompauto.com\/no\/wp-json\/wp\/v2\/media\/5842"}],"wp:attachment":[{"href":"https:\/\/old.kompauto.com\/no\/wp-json\/wp\/v2\/media?parent=7696"}],"wp:term":[{"taxonomy":"product_brand","embeddable":true,"href":"https:\/\/old.kompauto.com\/no\/wp-json\/wp\/v2\/product_brand?post=7696"},{"taxonomy":"product_cat","embeddable":true,"href":"https:\/\/old.kompauto.com\/no\/wp-json\/wp\/v2\/product_cat?post=7696"},{"taxonomy":"product_tag","embeddable":true,"href":"https:\/\/old.kompauto.com\/no\/wp-json\/wp\/v2\/product_tag?post=7696"}],"curies":[{"name":"wp","href":"https:\/\/api.w.org\/{rel}","templated":true}]}}