{"id":7694,"date":"2023-06-08T09:25:08","date_gmt":"2023-06-08T09:25:08","guid":{"rendered":"https:\/\/kompauto.com\/?post_type=product&#038;p=7694"},"modified":"2026-01-12T13:35:48","modified_gmt":"2026-01-12T13:35:48","slug":"euromag-mut-1222","status":"publish","type":"product","link":"https:\/\/old.kompauto.com\/no\/produkt\/euromag-mut-1222\/","title":{"rendered":"Euromag MUT 1222"},"content":{"rendered":"<p>MUT 1222 elektromagnetisk innsettingsstr\u00f8mm\u00e5ler kan brukes\np\u00e5 r\u00f8r mellom DN50 og DN2600. Denne m\u00e5leren er ideell for bruksomr\u00e5der der produksjonen ikke kan stoppes. Denne m\u00e5leren installeres i eksisterende r\u00f8r under drift gjennom en tapping. Leveres med MC608 \u2013 display, lokalt montert eller separat montert.<\/p>","protected":false},"excerpt":{"rendered":"<p>Elektromagnetisk innstikksm\u00e5ler for DN50-DN2600<\/p>","protected":false},"featured_media":14660,"template":"","meta":{"_acf_changed":false,"content-type":"","site-sidebar-layout":"default","site-content-layout":"default","ast-site-content-layout":"default","site-content-style":"default","site-sidebar-style":"default","ast-global-header-display":"","ast-banner-title-visibility":"","ast-main-header-display":"","ast-hfb-above-header-display":"","ast-hfb-below-header-display":"","ast-hfb-mobile-header-display":"","site-post-title":"","ast-breadcrumbs-content":"","ast-featured-img":"","footer-sml-layout":"","theme-transparent-header-meta":"default","adv-header-id-meta":"","stick-header-meta":"default","header-above-stick-meta":"","header-main-stick-meta":"","header-below-stick-meta":"","astra-migrate-meta-layouts":"set","ast-page-background-enabled":"default","ast-page-background-meta":{"desktop":{"background-color":"","background-image":"","background-repeat":"repeat","background-position":"center center","background-size":"auto","background-attachment":"scroll","background-type":"","background-media":"","overlay-type":"","overlay-color":"","overlay-opacity":"","overlay-gradient":""},"tablet":{"background-color":"","background-image":"","background-repeat":"repeat","background-position":"center center","background-size":"auto","background-attachment":"scroll","background-type":"","background-media":"","overlay-type":"","overlay-color":"","overlay-opacity":"","overlay-gradient":""},"mobile":{"background-color":"","background-image":"","background-repeat":"repeat","background-position":"center center","background-size":"auto","background-attachment":"scroll","background-type":"","background-media":"","overlay-type":"","overlay-color":"","overlay-opacity":"","overlay-gradient":""}},"ast-content-background-meta":{"desktop":{"background-color":"var(--ast-global-color-5)","background-image":"","background-repeat":"repeat","background-position":"center center","background-size":"auto","background-attachment":"scroll","background-type":"","background-media":"","overlay-type":"","overlay-color":"","overlay-opacity":"","overlay-gradient":""},"tablet":{"background-color":"var(--ast-global-color-5)","background-image":"","background-repeat":"repeat","background-position":"center center","background-size":"auto","background-attachment":"scroll","background-type":"","background-media":"","overlay-type":"","overlay-color":"","overlay-opacity":"","overlay-gradient":""},"mobile":{"background-color":"var(--ast-global-color-5)","background-image":"","background-repeat":"repeat","background-position":"center center","background-size":"auto","background-attachment":"scroll","background-type":"","background-media":"","overlay-type":"","overlay-color":"","overlay-opacity":"","overlay-gradient":""}}},"product_brand":[],"product_cat":[60,489],"product_tag":[363],"class_list":{"0":"post-7694","1":"product","2":"type-product","3":"status-publish","4":"has-post-thumbnail","6":"product_cat-elektromagnetiska-flodesmatare","7":"product_cat-flodesmatare-vatskor","8":"product_tag-euromag-international","9":"desktop-align-left","10":"tablet-align-left","11":"mobile-align-left","12":"ast-product-gallery-layout-horizontal","13":"ast-product-tabs-layout-horizontal","15":"first","16":"instock","17":"sale","18":"shipping-taxable","19":"purchasable","20":"product-type-simple"},"acf":[],"_links":{"self":[{"href":"https:\/\/old.kompauto.com\/no\/wp-json\/wp\/v2\/product\/7694","targetHints":{"allow":["GET"]}}],"collection":[{"href":"https:\/\/old.kompauto.com\/no\/wp-json\/wp\/v2\/product"}],"about":[{"href":"https:\/\/old.kompauto.com\/no\/wp-json\/wp\/v2\/types\/product"}],"version-history":[{"count":1,"href":"https:\/\/old.kompauto.com\/no\/wp-json\/wp\/v2\/product\/7694\/revisions"}],"predecessor-version":[{"id":18124,"href":"https:\/\/old.kompauto.com\/no\/wp-json\/wp\/v2\/product\/7694\/revisions\/18124"}],"wp:featuredmedia":[{"embeddable":true,"href":"https:\/\/old.kompauto.com\/no\/wp-json\/wp\/v2\/media\/14660"}],"wp:attachment":[{"href":"https:\/\/old.kompauto.com\/no\/wp-json\/wp\/v2\/media?parent=7694"}],"wp:term":[{"taxonomy":"product_brand","embeddable":true,"href":"https:\/\/old.kompauto.com\/no\/wp-json\/wp\/v2\/product_brand?post=7694"},{"taxonomy":"product_cat","embeddable":true,"href":"https:\/\/old.kompauto.com\/no\/wp-json\/wp\/v2\/product_cat?post=7694"},{"taxonomy":"product_tag","embeddable":true,"href":"https:\/\/old.kompauto.com\/no\/wp-json\/wp\/v2\/product_tag?post=7694"}],"curies":[{"name":"wp","href":"https:\/\/api.w.org\/{rel}","templated":true}]}}