{"id":7672,"date":"2023-06-08T09:24:57","date_gmt":"2023-06-08T09:24:57","guid":{"rendered":"https:\/\/kompauto.com\/?post_type=product&#038;p=7672"},"modified":"2026-01-12T13:04:18","modified_gmt":"2026-01-12T13:04:18","slug":"svfusionflow-gassblanderfusionflow-gassblanderfusionflow-gassblanderfusionflow-gassblander","status":"publish","type":"product","link":"https:\/\/old.kompauto.com\/no\/produkt\/svfusionflow-gassblanderfusionflow-gassblanderfusionflow-gassblanderfusionflow-gassblander\/","title":{"rendered":"Fusion Flow MXM gassblandingssystem"},"content":{"rendered":"<p>Fusion Flow MXM Gas Mixer er en smart og effektiv l\u00f8sning for \u00e5 lage skreddersydde gassblandinger.<\/p>\n<p>Takket v\u00e6re den fleksible utformingen kan hvert system tilpasses n\u00f8yaktig til dine spesifikke behov. Den brukervennlige designen, med en stor og intuitiv ber\u00f8ringsskjerm, gj\u00f8r det enkelt \u00e5 h\u00e5ndtere og blande opptil 10 gasser samtidig.<\/p>\n<p>Fusion Flow er tilgjengelig i str\u00f8mningsomr\u00e5der fra 100 SCCM opp til 0-5000 SLPM. I tillegg kan forskjellige gasser ha forskjellige str\u00f8mningsomr\u00e5der (med forskjellige m\u00e5lest\u00f8rrelser) i samme enhet, helt tilpasset brukerens preferanser.<\/p>","protected":false},"excerpt":{"rendered":"<p>Fusion Flow gassmikser<\/p>","protected":false},"featured_media":17376,"template":"","meta":{"_acf_changed":false,"content-type":"","site-sidebar-layout":"default","site-content-layout":"default","ast-site-content-layout":"default","site-content-style":"default","site-sidebar-style":"default","ast-global-header-display":"","ast-banner-title-visibility":"","ast-main-header-display":"","ast-hfb-above-header-display":"","ast-hfb-below-header-display":"","ast-hfb-mobile-header-display":"","site-post-title":"","ast-breadcrumbs-content":"","ast-featured-img":"","footer-sml-layout":"","theme-transparent-header-meta":"default","adv-header-id-meta":"","stick-header-meta":"","header-above-stick-meta":"","header-main-stick-meta":"","header-below-stick-meta":"","astra-migrate-meta-layouts":"set","ast-page-background-enabled":"default","ast-page-background-meta":{"desktop":{"background-color":"","background-image":"","background-repeat":"repeat","background-position":"center center","background-size":"auto","background-attachment":"scroll","background-type":"","background-media":"","overlay-type":"","overlay-color":"","overlay-opacity":"","overlay-gradient":""},"tablet":{"background-color":"","background-image":"","background-repeat":"repeat","background-position":"center center","background-size":"auto","background-attachment":"scroll","background-type":"","background-media":"","overlay-type":"","overlay-color":"","overlay-opacity":"","overlay-gradient":""},"mobile":{"background-color":"","background-image":"","background-repeat":"repeat","background-position":"center center","background-size":"auto","background-attachment":"scroll","background-type":"","background-media":"","overlay-type":"","overlay-color":"","overlay-opacity":"","overlay-gradient":""}},"ast-content-background-meta":{"desktop":{"background-color":"var(--ast-global-color-5)","background-image":"","background-repeat":"repeat","background-position":"center center","background-size":"auto","background-attachment":"scroll","background-type":"","background-media":"","overlay-type":"","overlay-color":"","overlay-opacity":"","overlay-gradient":""},"tablet":{"background-color":"var(--ast-global-color-5)","background-image":"","background-repeat":"repeat","background-position":"center center","background-size":"auto","background-attachment":"scroll","background-type":"","background-media":"","overlay-type":"","overlay-color":"","overlay-opacity":"","overlay-gradient":""},"mobile":{"background-color":"var(--ast-global-color-5)","background-image":"","background-repeat":"repeat","background-position":"center center","background-size":"auto","background-attachment":"scroll","background-type":"","background-media":"","overlay-type":"","overlay-color":"","overlay-opacity":"","overlay-gradient":""}}},"product_brand":[],"product_cat":[494,68,493],"product_tag":[345],"class_list":{"0":"post-7672","1":"product","2":"type-product","3":"status-publish","4":"has-post-thumbnail","6":"product_cat-flodesregulator","7":"product_cat-massflodesmatare","8":"product_cat-regulatorer","9":"product_tag-alicat-scientific","10":"desktop-align-left","11":"tablet-align-left","12":"mobile-align-left","13":"ast-product-gallery-layout-horizontal","14":"ast-product-tabs-layout-horizontal","16":"first","17":"instock","18":"sale","19":"shipping-taxable","20":"purchasable","21":"product-type-simple"},"acf":[],"_links":{"self":[{"href":"https:\/\/old.kompauto.com\/no\/wp-json\/wp\/v2\/product\/7672","targetHints":{"allow":["GET"]}}],"collection":[{"href":"https:\/\/old.kompauto.com\/no\/wp-json\/wp\/v2\/product"}],"about":[{"href":"https:\/\/old.kompauto.com\/no\/wp-json\/wp\/v2\/types\/product"}],"version-history":[{"count":5,"href":"https:\/\/old.kompauto.com\/no\/wp-json\/wp\/v2\/product\/7672\/revisions"}],"predecessor-version":[{"id":17675,"href":"https:\/\/old.kompauto.com\/no\/wp-json\/wp\/v2\/product\/7672\/revisions\/17675"}],"wp:featuredmedia":[{"embeddable":true,"href":"https:\/\/old.kompauto.com\/no\/wp-json\/wp\/v2\/media\/17376"}],"wp:attachment":[{"href":"https:\/\/old.kompauto.com\/no\/wp-json\/wp\/v2\/media?parent=7672"}],"wp:term":[{"taxonomy":"product_brand","embeddable":true,"href":"https:\/\/old.kompauto.com\/no\/wp-json\/wp\/v2\/product_brand?post=7672"},{"taxonomy":"product_cat","embeddable":true,"href":"https:\/\/old.kompauto.com\/no\/wp-json\/wp\/v2\/product_cat?post=7672"},{"taxonomy":"product_tag","embeddable":true,"href":"https:\/\/old.kompauto.com\/no\/wp-json\/wp\/v2\/product_tag?post=7672"}],"curies":[{"name":"wp","href":"https:\/\/api.w.org\/{rel}","templated":true}]}}