{"id":7669,"date":"2023-06-08T09:24:57","date_gmt":"2023-06-08T09:24:57","guid":{"rendered":"https:\/\/kompauto.com\/?post_type=product&#038;p=7669"},"modified":"2025-02-26T07:31:17","modified_gmt":"2025-02-26T07:31:17","slug":"s1000","status":"publish","type":"product","link":"https:\/\/old.kompauto.com\/no\/produkt\/s1000\/","title":{"rendered":"Magnetventil S1000"},"content":{"rendered":"<h2>SMS-Tork magnetventil for industrielle bruksomr\u00e5der<\/h2>\n<p>SMS-Tork magnetventil S1000 er en p\u00e5litelig og allsidig magnetventil som er konstruert for \u00e5 fungere fra null differensialtrykk. Disse ventilene er normalt lukkede og kan brukes i b\u00e5de \u00e5pne og lukkede systemer for luft, gasser, vann og andre v\u00e6sker. Den kan h\u00e5ndtere en trykkforskjell mellom inn- og utl\u00f8p p\u00e5 0-16 bar, noe som gj\u00f8r magnetventilen ideell for mange industrielle bruksomr\u00e5der.<\/p>\n<p>De vanligste bruksomr\u00e5dene for denne magnetventilen er systemer der trykkdifferansen er lav eller ikke-eksisterende, og der det er behov for elektrisk styring av gjennomstr\u00f8mningen. Takket v\u00e6re den fleksible monteringen kan ventilen installeres i alle posisjoner, men spolen b\u00f8r alltid v\u00e6re i vertikal stilling for optimal drift.<\/p>\n<h2>Andre typer magnetventiler<\/h2>\n<p>I v\u00e5rt sortiment tilbyr vi flere modeller av <a title=\"SMS-Tork magnetventiler\" href=\"https:\/\/old.kompauto.com\/no\/produktkategori\/ventiler-og-koblinger\/magnetventiler\/\" target=\"_blank\" rel=\"noopener\">SMS-Tork magnetventiler<\/a>, skreddersydd for ulike industrielle behov. Kontakt oss for \u00e5 finne den beste l\u00f8sningen for din applikasjon!<\/p>","protected":false},"excerpt":{"rendered":"<p>Pilotstyrt magnetventil<\/p>","protected":false},"featured_media":14685,"template":"","meta":{"_acf_changed":false,"content-type":"","site-sidebar-layout":"default","site-content-layout":"default","ast-site-content-layout":"default","site-content-style":"default","site-sidebar-style":"default","ast-global-header-display":"","ast-banner-title-visibility":"","ast-main-header-display":"","ast-hfb-above-header-display":"","ast-hfb-below-header-display":"","ast-hfb-mobile-header-display":"","site-post-title":"","ast-breadcrumbs-content":"","ast-featured-img":"","footer-sml-layout":"","theme-transparent-header-meta":"default","adv-header-id-meta":"","stick-header-meta":"default","header-above-stick-meta":"","header-main-stick-meta":"","header-below-stick-meta":"","astra-migrate-meta-layouts":"set","ast-page-background-enabled":"default","ast-page-background-meta":{"desktop":{"background-color":"","background-image":"","background-repeat":"repeat","background-position":"center center","background-size":"auto","background-attachment":"scroll","background-type":"","background-media":"","overlay-type":"","overlay-color":"","overlay-opacity":"","overlay-gradient":""},"tablet":{"background-color":"","background-image":"","background-repeat":"repeat","background-position":"center center","background-size":"auto","background-attachment":"scroll","background-type":"","background-media":"","overlay-type":"","overlay-color":"","overlay-opacity":"","overlay-gradient":""},"mobile":{"background-color":"","background-image":"","background-repeat":"repeat","background-position":"center center","background-size":"auto","background-attachment":"scroll","background-type":"","background-media":"","overlay-type":"","overlay-color":"","overlay-opacity":"","overlay-gradient":""}},"ast-content-background-meta":{"desktop":{"background-color":"var(--ast-global-color-5)","background-image":"","background-repeat":"repeat","background-position":"center center","background-size":"auto","background-attachment":"scroll","background-type":"","background-media":"","overlay-type":"","overlay-color":"","overlay-opacity":"","overlay-gradient":""},"tablet":{"background-color":"var(--ast-global-color-5)","background-image":"","background-repeat":"repeat","background-position":"center center","background-size":"auto","background-attachment":"scroll","background-type":"","background-media":"","overlay-type":"","overlay-color":"","overlay-opacity":"","overlay-gradient":""},"mobile":{"background-color":"var(--ast-global-color-5)","background-image":"","background-repeat":"repeat","background-position":"center center","background-size":"auto","background-attachment":"scroll","background-type":"","background-media":"","overlay-type":"","overlay-color":"","overlay-opacity":"","overlay-gradient":""}}},"product_brand":[],"product_cat":[361],"product_tag":[354],"class_list":{"0":"post-7669","1":"product","2":"type-product","3":"status-publish","4":"has-post-thumbnail","6":"product_cat-standard-magnetventiler","7":"product_tag-sms-tork","8":"desktop-align-left","9":"tablet-align-left","10":"mobile-align-left","11":"ast-product-gallery-layout-horizontal","12":"ast-product-gallery-with-no-image","13":"ast-product-tabs-layout-horizontal","15":"first","16":"instock","17":"sale","18":"shipping-taxable","19":"purchasable","20":"product-type-simple"},"acf":[],"_links":{"self":[{"href":"https:\/\/old.kompauto.com\/no\/wp-json\/wp\/v2\/product\/7669","targetHints":{"allow":["GET"]}}],"collection":[{"href":"https:\/\/old.kompauto.com\/no\/wp-json\/wp\/v2\/product"}],"about":[{"href":"https:\/\/old.kompauto.com\/no\/wp-json\/wp\/v2\/types\/product"}],"version-history":[{"count":3,"href":"https:\/\/old.kompauto.com\/no\/wp-json\/wp\/v2\/product\/7669\/revisions"}],"predecessor-version":[{"id":17514,"href":"https:\/\/old.kompauto.com\/no\/wp-json\/wp\/v2\/product\/7669\/revisions\/17514"}],"wp:featuredmedia":[{"embeddable":true,"href":"https:\/\/old.kompauto.com\/no\/wp-json\/wp\/v2\/media\/14685"}],"wp:attachment":[{"href":"https:\/\/old.kompauto.com\/no\/wp-json\/wp\/v2\/media?parent=7669"}],"wp:term":[{"taxonomy":"product_brand","embeddable":true,"href":"https:\/\/old.kompauto.com\/no\/wp-json\/wp\/v2\/product_brand?post=7669"},{"taxonomy":"product_cat","embeddable":true,"href":"https:\/\/old.kompauto.com\/no\/wp-json\/wp\/v2\/product_cat?post=7669"},{"taxonomy":"product_tag","embeddable":true,"href":"https:\/\/old.kompauto.com\/no\/wp-json\/wp\/v2\/product_tag?post=7669"}],"curies":[{"name":"wp","href":"https:\/\/api.w.org\/{rel}","templated":true}]}}