{"id":7650,"date":"2023-06-08T09:24:55","date_gmt":"2023-06-08T09:24:55","guid":{"rendered":"https:\/\/kompauto.com\/?post_type=product&#038;p=7650"},"modified":"2026-01-12T13:24:13","modified_gmt":"2026-01-12T13:24:13","slug":"kme","status":"publish","type":"product","link":"https:\/\/old.kompauto.com\/no\/produkt\/kme\/","title":{"rendered":"KME"},"content":{"rendered":"<p>Kompakt termisk str\u00f8mningsm\u00e5ler<\/p>\n<p>KME er utviklet for m\u00e5ling av trykkluft og gasser.<\/p>\n<p>En KME-monteringsblokk gj\u00f8r det enkelt \u00e5 montere og demontere sensoren uten \u00e5 skru blokken l\u00f8s fra r\u00f8ret.<\/p>\n<p>Den kan brukes til et bredt spekter av installasjoner. Den termiske sensoren gir langvarig stabilitet og rask responstid.<\/p>\n<p>En god m\u00e5len\u00f8yaktighet, selv i det nedre m\u00e5leomr\u00e5det, oppn\u00e5s ved hjelp av en applikasjonsspesifikk fabrikkjustering, som utf\u00f8res ved 7 bar.<\/p>\n<p>Dette muliggj\u00f8r p\u00e5litelig lekkasjedeteksjon og tilsvarende energibesparelser. Utformingen er optimalisert for enkel installasjon og vedlikehold.<\/p>","protected":false},"excerpt":{"rendered":"<p>Kompakt termisk str\u00f8mningsm\u00e5ler<\/p>","protected":false},"featured_media":15020,"template":"","meta":{"_acf_changed":false,"content-type":"","site-sidebar-layout":"default","site-content-layout":"default","ast-site-content-layout":"default","site-content-style":"default","site-sidebar-style":"default","ast-global-header-display":"","ast-banner-title-visibility":"","ast-main-header-display":"","ast-hfb-above-header-display":"","ast-hfb-below-header-display":"","ast-hfb-mobile-header-display":"","site-post-title":"","ast-breadcrumbs-content":"","ast-featured-img":"","footer-sml-layout":"","theme-transparent-header-meta":"default","adv-header-id-meta":"","stick-header-meta":"default","header-above-stick-meta":"","header-main-stick-meta":"","header-below-stick-meta":"","astra-migrate-meta-layouts":"set","ast-page-background-enabled":"default","ast-page-background-meta":{"desktop":{"background-color":"","background-image":"","background-repeat":"repeat","background-position":"center center","background-size":"auto","background-attachment":"scroll","background-type":"","background-media":"","overlay-type":"","overlay-color":"","overlay-opacity":"","overlay-gradient":""},"tablet":{"background-color":"","background-image":"","background-repeat":"repeat","background-position":"center center","background-size":"auto","background-attachment":"scroll","background-type":"","background-media":"","overlay-type":"","overlay-color":"","overlay-opacity":"","overlay-gradient":""},"mobile":{"background-color":"","background-image":"","background-repeat":"repeat","background-position":"center center","background-size":"auto","background-attachment":"scroll","background-type":"","background-media":"","overlay-type":"","overlay-color":"","overlay-opacity":"","overlay-gradient":""}},"ast-content-background-meta":{"desktop":{"background-color":"var(--ast-global-color-5)","background-image":"","background-repeat":"repeat","background-position":"center center","background-size":"auto","background-attachment":"scroll","background-type":"","background-media":"","overlay-type":"","overlay-color":"","overlay-opacity":"","overlay-gradient":""},"tablet":{"background-color":"var(--ast-global-color-5)","background-image":"","background-repeat":"repeat","background-position":"center center","background-size":"auto","background-attachment":"scroll","background-type":"","background-media":"","overlay-type":"","overlay-color":"","overlay-opacity":"","overlay-gradient":""},"mobile":{"background-color":"var(--ast-global-color-5)","background-image":"","background-repeat":"repeat","background-position":"center center","background-size":"auto","background-attachment":"scroll","background-type":"","background-media":"","overlay-type":"","overlay-color":"","overlay-opacity":"","overlay-gradient":""}}},"product_brand":[],"product_cat":[491,492,68],"product_tag":[353],"class_list":{"0":"post-7650","1":"product","2":"type-product","3":"status-publish","4":"has-post-thumbnail","6":"product_cat-flodesmatare-gas","7":"product_cat-flodesmatare-luft-tryckluft","8":"product_cat-massflodesmatare","9":"product_tag-kobold-messring","10":"desktop-align-left","11":"tablet-align-left","12":"mobile-align-left","13":"ast-product-gallery-layout-horizontal","14":"ast-product-tabs-layout-horizontal","16":"first","17":"instock","18":"sale","19":"shipping-taxable","20":"purchasable","21":"product-type-simple"},"acf":[],"_links":{"self":[{"href":"https:\/\/old.kompauto.com\/no\/wp-json\/wp\/v2\/product\/7650","targetHints":{"allow":["GET"]}}],"collection":[{"href":"https:\/\/old.kompauto.com\/no\/wp-json\/wp\/v2\/product"}],"about":[{"href":"https:\/\/old.kompauto.com\/no\/wp-json\/wp\/v2\/types\/product"}],"version-history":[{"count":1,"href":"https:\/\/old.kompauto.com\/no\/wp-json\/wp\/v2\/product\/7650\/revisions"}],"predecessor-version":[{"id":17742,"href":"https:\/\/old.kompauto.com\/no\/wp-json\/wp\/v2\/product\/7650\/revisions\/17742"}],"wp:featuredmedia":[{"embeddable":true,"href":"https:\/\/old.kompauto.com\/no\/wp-json\/wp\/v2\/media\/15020"}],"wp:attachment":[{"href":"https:\/\/old.kompauto.com\/no\/wp-json\/wp\/v2\/media?parent=7650"}],"wp:term":[{"taxonomy":"product_brand","embeddable":true,"href":"https:\/\/old.kompauto.com\/no\/wp-json\/wp\/v2\/product_brand?post=7650"},{"taxonomy":"product_cat","embeddable":true,"href":"https:\/\/old.kompauto.com\/no\/wp-json\/wp\/v2\/product_cat?post=7650"},{"taxonomy":"product_tag","embeddable":true,"href":"https:\/\/old.kompauto.com\/no\/wp-json\/wp\/v2\/product_tag?post=7650"}],"curies":[{"name":"wp","href":"https:\/\/api.w.org\/{rel}","templated":true}]}}