{"id":7643,"date":"2023-06-08T09:24:45","date_gmt":"2023-06-08T09:24:45","guid":{"rendered":"https:\/\/kompauto.com\/?post_type=product&#038;p=7643"},"modified":"2026-01-30T15:46:14","modified_gmt":"2026-01-30T15:46:14","slug":"alicat-basis","status":"publish","type":"product","link":"https:\/\/old.kompauto.com\/no\/produkt\/alicat-basis\/","title":{"rendered":"Alicat BASIS 2 Massestr\u00f8mm\u00e5ler og regulator"},"content":{"rendered":"<h3><strong>Massestr\u00f8mm\u00e5ler for maskinbyggere<\/strong><\/h3>\n<p>Den termiske massestr\u00f8msm\u00e5leren BASIS fra Alicat Scientific, en produsent av str\u00f8mningsm\u00e5lere og regulatorer, tilbyr en smart og p\u00e5litelig l\u00f8sning for m\u00e5ling og regulering av str\u00f8mmen av luft og gass. Med sin kompakte design og robuste aluminiumskonstruksjon er den konstruert for \u00e5 passe inn i de mest plassbegrensede bruksomr\u00e5dene. BASIS m\u00f8ter teknisk m\u00e5ling av h\u00f8y kvalitet til en kostnadseffektiv pris.<\/p>\n<p><!--more--><\/p>\n<p>&nbsp;<\/p>\n<h5><strong>Hvorfor velge BASIS?<\/strong><\/h5>\n<ul>\n<li><strong>Repeterbare og p\u00e5litelige m\u00e5linger: <\/strong>Produktene er designet for \u00e5 m\u00f8te kravene til h\u00f8y n\u00f8yaktighet og kvalitet.<\/li>\n<li><strong>Kompakt design:<\/strong> Den er designet for \u00e5 ta opp minimal plass, slik at den kan monteres p\u00e5 trange steder og er et utmerket valg for mange smarte OEM-applikasjoner.<\/li>\n<li><strong>Aluminiumskonstruksjon:<\/strong> Produktets design og materialvalg garanterer lang levetid og h\u00f8y p\u00e5litelighet. Noe som gj\u00f8r str\u00f8mningsm\u00e5leren motstandsdyktig mot korrosjon og andre milj\u00f8p\u00e5virkninger.<\/li>\n<li><strong>\u00d8nsket tilpasning:\u00a0<\/strong>Hver applikasjon og konstruksjon er unik. Derfor tilbyr m\u00e5leren kunden et bredt spekter av tilpasningsmuligheter i ulike design for \u00e5 sikre spesifikke krav til brukeren.<\/li>\n<\/ul>\n<h5><strong>Bruksomr\u00e5der<\/strong><\/h5>\n<ul>\n<li style=\"list-style-type: none;\">\n<ul>\n<li><strong>Laboratorier:<\/strong> Digital m\u00e5ling av ulike gasser for analyse i forskning og utvikling.<\/li>\n<li><strong>Medisinsk teknologi:<\/strong> Kontroll av str\u00f8mmen av medisinske gasser i respiratorer, dialysemaskiner og annet medisinsk utstyr.<\/li>\n<li><strong>Industrielle prosesser:<\/strong> Brukes til \u00e5 overv\u00e5ke og kontrollere str\u00f8mmen av en rekke gasser i industrielle prosesser, for eksempel kjemisk produksjon, bioteknologi og matforedling.<\/li>\n<\/ul>\n<\/li>\n<\/ul>\n<p>&nbsp;<\/p>","protected":false},"excerpt":{"rendered":"<p>Massestr\u00f8mm\u00e5ler og regulator for gass, presisjon for OEM<\/p>","protected":false},"featured_media":13687,"template":"","meta":{"_acf_changed":false,"content-type":"","site-sidebar-layout":"default","site-content-layout":"default","ast-site-content-layout":"default","site-content-style":"default","site-sidebar-style":"default","ast-global-header-display":"","ast-banner-title-visibility":"","ast-main-header-display":"","ast-hfb-above-header-display":"","ast-hfb-below-header-display":"","ast-hfb-mobile-header-display":"","site-post-title":"","ast-breadcrumbs-content":"","ast-featured-img":"","footer-sml-layout":"","theme-transparent-header-meta":"default","adv-header-id-meta":"","stick-header-meta":"default","header-above-stick-meta":"","header-main-stick-meta":"","header-below-stick-meta":"","astra-migrate-meta-layouts":"set","ast-page-background-enabled":"default","ast-page-background-meta":{"desktop":{"background-color":"","background-image":"","background-repeat":"repeat","background-position":"center center","background-size":"auto","background-attachment":"scroll","background-type":"","background-media":"","overlay-type":"","overlay-color":"","overlay-opacity":"","overlay-gradient":""},"tablet":{"background-color":"","background-image":"","background-repeat":"repeat","background-position":"center center","background-size":"auto","background-attachment":"scroll","background-type":"","background-media":"","overlay-type":"","overlay-color":"","overlay-opacity":"","overlay-gradient":""},"mobile":{"background-color":"","background-image":"","background-repeat":"repeat","background-position":"center center","background-size":"auto","background-attachment":"scroll","background-type":"","background-media":"","overlay-type":"","overlay-color":"","overlay-opacity":"","overlay-gradient":""}},"ast-content-background-meta":{"desktop":{"background-color":"var(--ast-global-color-5)","background-image":"","background-repeat":"repeat","background-position":"center center","background-size":"auto","background-attachment":"scroll","background-type":"","background-media":"","overlay-type":"","overlay-color":"","overlay-opacity":"","overlay-gradient":""},"tablet":{"background-color":"var(--ast-global-color-5)","background-image":"","background-repeat":"repeat","background-position":"center center","background-size":"auto","background-attachment":"scroll","background-type":"","background-media":"","overlay-type":"","overlay-color":"","overlay-opacity":"","overlay-gradient":""},"mobile":{"background-color":"var(--ast-global-color-5)","background-image":"","background-repeat":"repeat","background-position":"center center","background-size":"auto","background-attachment":"scroll","background-type":"","background-media":"","overlay-type":"","overlay-color":"","overlay-opacity":"","overlay-gradient":""}}},"product_brand":[],"product_cat":[68,491,494,506,507,463,508],"product_tag":[345],"class_list":{"0":"post-7643","1":"product","2":"type-product","3":"status-publish","4":"has-post-thumbnail","6":"product_cat-massflodesmatare","7":"product_cat-flodesmatare-gas","8":"product_cat-flodesregulator","9":"product_cat-gas-flodesregulator","10":"product_cat-luft-flodesregulator","11":"product_cat-massflodesregulatorer","12":"product_cat-gas-massflodesregulatorer","13":"product_tag-alicat-scientific","14":"desktop-align-left","15":"tablet-align-left","16":"mobile-align-left","17":"ast-product-gallery-layout-horizontal","18":"ast-product-tabs-layout-horizontal","20":"first","21":"instock","22":"sale","23":"shipping-taxable","24":"purchasable","25":"product-type-simple"},"acf":[],"_links":{"self":[{"href":"https:\/\/old.kompauto.com\/no\/wp-json\/wp\/v2\/product\/7643","targetHints":{"allow":["GET"]}}],"collection":[{"href":"https:\/\/old.kompauto.com\/no\/wp-json\/wp\/v2\/product"}],"about":[{"href":"https:\/\/old.kompauto.com\/no\/wp-json\/wp\/v2\/types\/product"}],"version-history":[{"count":2,"href":"https:\/\/old.kompauto.com\/no\/wp-json\/wp\/v2\/product\/7643\/revisions"}],"predecessor-version":[{"id":17678,"href":"https:\/\/old.kompauto.com\/no\/wp-json\/wp\/v2\/product\/7643\/revisions\/17678"}],"wp:featuredmedia":[{"embeddable":true,"href":"https:\/\/old.kompauto.com\/no\/wp-json\/wp\/v2\/media\/13687"}],"wp:attachment":[{"href":"https:\/\/old.kompauto.com\/no\/wp-json\/wp\/v2\/media?parent=7643"}],"wp:term":[{"taxonomy":"product_brand","embeddable":true,"href":"https:\/\/old.kompauto.com\/no\/wp-json\/wp\/v2\/product_brand?post=7643"},{"taxonomy":"product_cat","embeddable":true,"href":"https:\/\/old.kompauto.com\/no\/wp-json\/wp\/v2\/product_cat?post=7643"},{"taxonomy":"product_tag","embeddable":true,"href":"https:\/\/old.kompauto.com\/no\/wp-json\/wp\/v2\/product_tag?post=7643"}],"curies":[{"name":"wp","href":"https:\/\/api.w.org\/{rel}","templated":true}]}}