{"id":7581,"date":"2023-06-08T09:24:17","date_gmt":"2023-06-08T09:24:17","guid":{"rendered":"https:\/\/kompauto.com\/?post_type=product&#038;p=7581"},"modified":"2025-04-08T12:32:54","modified_gmt":"2025-04-08T12:32:54","slug":"kontrolluft-850-860-870","status":"publish","type":"product","link":"https:\/\/old.kompauto.com\/no\/produkt\/kontrolluft-850-860-870\/","title":{"rendered":"Control Air 850\/860\/870"},"content":{"rendered":"<p>Control Air-modellene 850\/860\/870 er kompakte og \u00f8konomiske enheter for h\u00f8ytrykkskontroll av trykkluft (850), vann (860) eller drikkevann (870).<\/p>\n<p>Disse enhetene er utviklet spesielt for OEM-markedet og er ideelle for trykkluft- eller vanntrykkregulering.<\/p>\n<p>Den h\u00f8ysensitive membranstyrte konstruksjonen gir n\u00f8yaktig trykk nedstr\u00f8ms ved \u00e5 eliminere problemene som oppst\u00e5r ved bruk av stempelsystemer.<\/p>\n<p>En luftventil av st\u00f8pt gummi s\u00f8rger for n\u00f8yaktig regulering og forhindrer lekkasje.<\/p>","protected":false},"excerpt":{"rendered":"<p>Regulatorer for luft, vann, drikkevann<\/p>","protected":false},"featured_media":5474,"template":"","meta":{"_acf_changed":false,"content-type":"","site-sidebar-layout":"default","site-content-layout":"default","ast-site-content-layout":"default","site-content-style":"default","site-sidebar-style":"default","ast-global-header-display":"","ast-banner-title-visibility":"","ast-main-header-display":"","ast-hfb-above-header-display":"","ast-hfb-below-header-display":"","ast-hfb-mobile-header-display":"","site-post-title":"","ast-breadcrumbs-content":"","ast-featured-img":"","footer-sml-layout":"","theme-transparent-header-meta":"default","adv-header-id-meta":"","stick-header-meta":"default","header-above-stick-meta":"","header-main-stick-meta":"","header-below-stick-meta":"","astra-migrate-meta-layouts":"set","ast-page-background-enabled":"default","ast-page-background-meta":{"desktop":{"background-color":"","background-image":"","background-repeat":"repeat","background-position":"center center","background-size":"auto","background-attachment":"scroll","background-type":"","background-media":"","overlay-type":"","overlay-color":"","overlay-opacity":"","overlay-gradient":""},"tablet":{"background-color":"","background-image":"","background-repeat":"repeat","background-position":"center center","background-size":"auto","background-attachment":"scroll","background-type":"","background-media":"","overlay-type":"","overlay-color":"","overlay-opacity":"","overlay-gradient":""},"mobile":{"background-color":"","background-image":"","background-repeat":"repeat","background-position":"center center","background-size":"auto","background-attachment":"scroll","background-type":"","background-media":"","overlay-type":"","overlay-color":"","overlay-opacity":"","overlay-gradient":""}},"ast-content-background-meta":{"desktop":{"background-color":"var(--ast-global-color-5)","background-image":"","background-repeat":"repeat","background-position":"center center","background-size":"auto","background-attachment":"scroll","background-type":"","background-media":"","overlay-type":"","overlay-color":"","overlay-opacity":"","overlay-gradient":""},"tablet":{"background-color":"var(--ast-global-color-5)","background-image":"","background-repeat":"repeat","background-position":"center center","background-size":"auto","background-attachment":"scroll","background-type":"","background-media":"","overlay-type":"","overlay-color":"","overlay-opacity":"","overlay-gradient":""},"mobile":{"background-color":"var(--ast-global-color-5)","background-image":"","background-repeat":"repeat","background-position":"center center","background-size":"auto","background-attachment":"scroll","background-type":"","background-media":"","overlay-type":"","overlay-color":"","overlay-opacity":"","overlay-gradient":""}}},"product_brand":[],"product_cat":[88],"product_tag":[347],"class_list":{"0":"post-7581","1":"product","2":"type-product","3":"status-publish","4":"has-post-thumbnail","6":"product_cat-tryckregulatorer-manuella","7":"product_tag-controlair","8":"desktop-align-left","9":"tablet-align-left","10":"mobile-align-left","11":"ast-product-gallery-layout-horizontal","12":"ast-product-gallery-with-no-image","13":"ast-product-tabs-layout-horizontal","15":"first","16":"instock","17":"sale","18":"shipping-taxable","19":"purchasable","20":"product-type-simple"},"acf":[],"_links":{"self":[{"href":"https:\/\/old.kompauto.com\/no\/wp-json\/wp\/v2\/product\/7581","targetHints":{"allow":["GET"]}}],"collection":[{"href":"https:\/\/old.kompauto.com\/no\/wp-json\/wp\/v2\/product"}],"about":[{"href":"https:\/\/old.kompauto.com\/no\/wp-json\/wp\/v2\/types\/product"}],"version-history":[{"count":1,"href":"https:\/\/old.kompauto.com\/no\/wp-json\/wp\/v2\/product\/7581\/revisions"}],"predecessor-version":[{"id":17599,"href":"https:\/\/old.kompauto.com\/no\/wp-json\/wp\/v2\/product\/7581\/revisions\/17599"}],"wp:featuredmedia":[{"embeddable":true,"href":"https:\/\/old.kompauto.com\/no\/wp-json\/wp\/v2\/media\/5474"}],"wp:attachment":[{"href":"https:\/\/old.kompauto.com\/no\/wp-json\/wp\/v2\/media?parent=7581"}],"wp:term":[{"taxonomy":"product_brand","embeddable":true,"href":"https:\/\/old.kompauto.com\/no\/wp-json\/wp\/v2\/product_brand?post=7581"},{"taxonomy":"product_cat","embeddable":true,"href":"https:\/\/old.kompauto.com\/no\/wp-json\/wp\/v2\/product_cat?post=7581"},{"taxonomy":"product_tag","embeddable":true,"href":"https:\/\/old.kompauto.com\/no\/wp-json\/wp\/v2\/product_tag?post=7581"}],"curies":[{"name":"wp","href":"https:\/\/api.w.org\/{rel}","templated":true}]}}