{"id":7463,"date":"2023-06-08T09:23:21","date_gmt":"2023-06-08T09:23:21","guid":{"rendered":"https:\/\/kompauto.com\/?post_type=product&#038;p=7463"},"modified":"2026-01-12T13:56:08","modified_gmt":"2026-01-12T13:56:08","slug":"heinrich-dvh","status":"publish","type":"product","link":"https:\/\/old.kompauto.com\/no\/produkt\/heinrich-dvh\/","title":{"rendered":"Herr Heinrich DVH"},"content":{"rendered":"<p>Inline VORTEX str\u00f8mningsm\u00e5ler<\/p>\n<p>Str\u00f8mningsm\u00e5ling av v\u00e6sker, gasser og damp.<\/p>\n<p>For r\u00f8rst\u00f8rrelser opp til DN200 \/ 8\u2033<\/p>\n<p>Prosesstrykk opp til 100 bar, prosesstemperatur opp til 400 \u00b0C<\/p>","protected":false},"excerpt":{"rendered":"<p>Inline-str\u00f8mningsm\u00e5lere for v\u00e6sker, gasser og damp<\/p>","protected":false},"featured_media":14617,"template":"","meta":{"_acf_changed":false,"content-type":"","site-sidebar-layout":"default","site-content-layout":"default","ast-site-content-layout":"default","site-content-style":"default","site-sidebar-style":"default","ast-global-header-display":"","ast-banner-title-visibility":"","ast-main-header-display":"","ast-hfb-above-header-display":"","ast-hfb-below-header-display":"","ast-hfb-mobile-header-display":"","site-post-title":"","ast-breadcrumbs-content":"","ast-featured-img":"","footer-sml-layout":"","theme-transparent-header-meta":"default","adv-header-id-meta":"","stick-header-meta":"default","header-above-stick-meta":"","header-main-stick-meta":"","header-below-stick-meta":"","astra-migrate-meta-layouts":"set","ast-page-background-enabled":"default","ast-page-background-meta":{"desktop":{"background-color":"","background-image":"","background-repeat":"repeat","background-position":"center center","background-size":"auto","background-attachment":"scroll","background-type":"","background-media":"","overlay-type":"","overlay-color":"","overlay-opacity":"","overlay-gradient":""},"tablet":{"background-color":"","background-image":"","background-repeat":"repeat","background-position":"center center","background-size":"auto","background-attachment":"scroll","background-type":"","background-media":"","overlay-type":"","overlay-color":"","overlay-opacity":"","overlay-gradient":""},"mobile":{"background-color":"","background-image":"","background-repeat":"repeat","background-position":"center center","background-size":"auto","background-attachment":"scroll","background-type":"","background-media":"","overlay-type":"","overlay-color":"","overlay-opacity":"","overlay-gradient":""}},"ast-content-background-meta":{"desktop":{"background-color":"var(--ast-global-color-5)","background-image":"","background-repeat":"repeat","background-position":"center center","background-size":"auto","background-attachment":"scroll","background-type":"","background-media":"","overlay-type":"","overlay-color":"","overlay-opacity":"","overlay-gradient":""},"tablet":{"background-color":"var(--ast-global-color-5)","background-image":"","background-repeat":"repeat","background-position":"center center","background-size":"auto","background-attachment":"scroll","background-type":"","background-media":"","overlay-type":"","overlay-color":"","overlay-opacity":"","overlay-gradient":""},"mobile":{"background-color":"var(--ast-global-color-5)","background-image":"","background-repeat":"repeat","background-position":"center center","background-size":"auto","background-attachment":"scroll","background-type":"","background-media":"","overlay-type":"","overlay-color":"","overlay-opacity":"","overlay-gradient":""}}},"product_brand":[],"product_cat":[489,71],"product_tag":[350],"class_list":{"0":"post-7463","1":"product","2":"type-product","3":"status-publish","4":"has-post-thumbnail","6":"product_cat-flodesmatare-vatskor","7":"product_cat-vortexflodesmatare","8":"product_tag-heinrichs-messtechnik","9":"desktop-align-left","10":"tablet-align-left","11":"mobile-align-left","12":"ast-product-gallery-layout-horizontal","13":"ast-product-gallery-with-no-image","14":"ast-product-tabs-layout-horizontal","16":"first","17":"instock","18":"sale","19":"shipping-taxable","20":"purchasable","21":"product-type-simple"},"acf":[],"_links":{"self":[{"href":"https:\/\/old.kompauto.com\/no\/wp-json\/wp\/v2\/product\/7463","targetHints":{"allow":["GET"]}}],"collection":[{"href":"https:\/\/old.kompauto.com\/no\/wp-json\/wp\/v2\/product"}],"about":[{"href":"https:\/\/old.kompauto.com\/no\/wp-json\/wp\/v2\/types\/product"}],"version-history":[{"count":1,"href":"https:\/\/old.kompauto.com\/no\/wp-json\/wp\/v2\/product\/7463\/revisions"}],"predecessor-version":[{"id":18162,"href":"https:\/\/old.kompauto.com\/no\/wp-json\/wp\/v2\/product\/7463\/revisions\/18162"}],"wp:featuredmedia":[{"embeddable":true,"href":"https:\/\/old.kompauto.com\/no\/wp-json\/wp\/v2\/media\/14617"}],"wp:attachment":[{"href":"https:\/\/old.kompauto.com\/no\/wp-json\/wp\/v2\/media?parent=7463"}],"wp:term":[{"taxonomy":"product_brand","embeddable":true,"href":"https:\/\/old.kompauto.com\/no\/wp-json\/wp\/v2\/product_brand?post=7463"},{"taxonomy":"product_cat","embeddable":true,"href":"https:\/\/old.kompauto.com\/no\/wp-json\/wp\/v2\/product_cat?post=7463"},{"taxonomy":"product_tag","embeddable":true,"href":"https:\/\/old.kompauto.com\/no\/wp-json\/wp\/v2\/product_tag?post=7463"}],"curies":[{"name":"wp","href":"https:\/\/api.w.org\/{rel}","templated":true}]}}