{"id":7432,"date":"2023-06-08T09:23:08","date_gmt":"2023-06-08T09:23:08","guid":{"rendered":"https:\/\/kompauto.com\/?post_type=product&#038;p=7432"},"modified":"2026-01-12T13:29:43","modified_gmt":"2026-01-12T13:29:43","slug":"alicat-mwb","status":"publish","type":"product","link":"https:\/\/old.kompauto.com\/no\/produkt\/alicat-mwb\/","title":{"rendered":"ALICAT MWB"},"content":{"rendered":"<p>Alicat Sientific MWB B\u00e6rbar massestr\u00f8mningsm\u00e5ler for m\u00e5ling av lavt trykkfall.<\/p>\n<p>M\u00e5l gjennomstr\u00f8mningen med minimal systemp\u00e5virkning, uansett hvor du trenger det.<\/p>\n<p>&#8221;Whisper&#8221; -seriens b\u00e4rbara fl\u00f6desm\u00e4tare med l\u00e5gt tryckfall \u00e4r de perfekta kalibreringsinstrumenten f\u00f6r mass- och volymetriska fl\u00f6den. L\u00e5gt tryckfall minimerar systemets p\u00e5verkan, vilket m\u00f6jligg\u00f6r fl\u00f6desm\u00e4tning vid n\u00e4ra atmosf\u00e4rstryck eller n\u00e4r det finns lite tillg\u00e4ngligt systemtryck.<\/p>","protected":false},"excerpt":{"rendered":"<p>B\u00e6rbar massestr\u00f8msm\u00e5ler for lavt trykk<\/p>","protected":false},"featured_media":14046,"template":"","meta":{"_acf_changed":false,"content-type":"","site-sidebar-layout":"default","site-content-layout":"default","ast-site-content-layout":"default","site-content-style":"default","site-sidebar-style":"default","ast-global-header-display":"","ast-banner-title-visibility":"","ast-main-header-display":"","ast-hfb-above-header-display":"","ast-hfb-below-header-display":"","ast-hfb-mobile-header-display":"","site-post-title":"","ast-breadcrumbs-content":"","ast-featured-img":"","footer-sml-layout":"","theme-transparent-header-meta":"default","adv-header-id-meta":"","stick-header-meta":"default","header-above-stick-meta":"","header-main-stick-meta":"","header-below-stick-meta":"","astra-migrate-meta-layouts":"set","ast-page-background-enabled":"default","ast-page-background-meta":{"desktop":{"background-color":"","background-image":"","background-repeat":"repeat","background-position":"center center","background-size":"auto","background-attachment":"scroll","background-type":"","background-media":"","overlay-type":"","overlay-color":"","overlay-opacity":"","overlay-gradient":""},"tablet":{"background-color":"","background-image":"","background-repeat":"repeat","background-position":"center center","background-size":"auto","background-attachment":"scroll","background-type":"","background-media":"","overlay-type":"","overlay-color":"","overlay-opacity":"","overlay-gradient":""},"mobile":{"background-color":"","background-image":"","background-repeat":"repeat","background-position":"center center","background-size":"auto","background-attachment":"scroll","background-type":"","background-media":"","overlay-type":"","overlay-color":"","overlay-opacity":"","overlay-gradient":""}},"ast-content-background-meta":{"desktop":{"background-color":"var(--ast-global-color-5)","background-image":"","background-repeat":"repeat","background-position":"center center","background-size":"auto","background-attachment":"scroll","background-type":"","background-media":"","overlay-type":"","overlay-color":"","overlay-opacity":"","overlay-gradient":""},"tablet":{"background-color":"var(--ast-global-color-5)","background-image":"","background-repeat":"repeat","background-position":"center center","background-size":"auto","background-attachment":"scroll","background-type":"","background-media":"","overlay-type":"","overlay-color":"","overlay-opacity":"","overlay-gradient":""},"mobile":{"background-color":"var(--ast-global-color-5)","background-image":"","background-repeat":"repeat","background-position":"center center","background-size":"auto","background-attachment":"scroll","background-type":"","background-media":"","overlay-type":"","overlay-color":"","overlay-opacity":"","overlay-gradient":""}}},"product_brand":[],"product_cat":[66,491,68,67],"product_tag":[345],"class_list":{"0":"post-7432","1":"product","2":"type-product","3":"status-publish","4":"has-post-thumbnail","6":"product_cat-barbara-matare","7":"product_cat-flodesmatare-gas","8":"product_cat-massflodesmatare","9":"product_cat-portabla-flodesmatare","10":"product_tag-alicat-scientific","11":"desktop-align-left","12":"tablet-align-left","13":"mobile-align-left","14":"ast-product-gallery-layout-horizontal","15":"ast-product-gallery-with-no-image","16":"ast-product-tabs-layout-horizontal","18":"first","19":"instock","20":"sale","21":"shipping-taxable","22":"purchasable","23":"product-type-simple"},"acf":[],"_links":{"self":[{"href":"https:\/\/old.kompauto.com\/no\/wp-json\/wp\/v2\/product\/7432","targetHints":{"allow":["GET"]}}],"collection":[{"href":"https:\/\/old.kompauto.com\/no\/wp-json\/wp\/v2\/product"}],"about":[{"href":"https:\/\/old.kompauto.com\/no\/wp-json\/wp\/v2\/types\/product"}],"version-history":[{"count":1,"href":"https:\/\/old.kompauto.com\/no\/wp-json\/wp\/v2\/product\/7432\/revisions"}],"predecessor-version":[{"id":17700,"href":"https:\/\/old.kompauto.com\/no\/wp-json\/wp\/v2\/product\/7432\/revisions\/17700"}],"wp:featuredmedia":[{"embeddable":true,"href":"https:\/\/old.kompauto.com\/no\/wp-json\/wp\/v2\/media\/14046"}],"wp:attachment":[{"href":"https:\/\/old.kompauto.com\/no\/wp-json\/wp\/v2\/media?parent=7432"}],"wp:term":[{"taxonomy":"product_brand","embeddable":true,"href":"https:\/\/old.kompauto.com\/no\/wp-json\/wp\/v2\/product_brand?post=7432"},{"taxonomy":"product_cat","embeddable":true,"href":"https:\/\/old.kompauto.com\/no\/wp-json\/wp\/v2\/product_cat?post=7432"},{"taxonomy":"product_tag","embeddable":true,"href":"https:\/\/old.kompauto.com\/no\/wp-json\/wp\/v2\/product_tag?post=7432"}],"curies":[{"name":"wp","href":"https:\/\/api.w.org\/{rel}","templated":true}]}}