{"id":7424,"date":"2023-06-08T09:23:08","date_gmt":"2023-06-08T09:23:08","guid":{"rendered":"https:\/\/kompauto.com\/?post_type=product&#038;p=7424"},"modified":"2026-01-12T13:07:20","modified_gmt":"2026-01-12T13:07:20","slug":"fox-ft1","status":"publish","type":"product","link":"https:\/\/old.kompauto.com\/no\/produkt\/fox-ft1\/","title":{"rendered":"FOX FT1 Termisk massestr\u00f8mningsm\u00e5ler"},"content":{"rendered":"<h2>Termisk massestr\u00f8mningsm\u00e5ler FT1-serien<\/h2>\n<p>FT1 er en termisk massestr\u00f8mningsm\u00e5ler. Det termiske m\u00e5leprinsippet betyr at vi ikke trenger \u00e5 kompensere for verken temperatur eller trykk for \u00e5 oppn\u00e5 massestr\u00f8m. Instrumentet er kalibrert for gassammensetningen din. CAL-V\u2122-funksjonen gj\u00f8r det mulig \u00e5 kontrollere kalibreringen av m\u00e5leren under drift uten \u00e5 m\u00e5tte demontere m\u00e5leren eller stenge ned noen prosess. Gas-SelectX\u00ae gj\u00f8r det mulig \u00e5 endre eller modifisere gasser og gassblandinger.<br \/>\nFT1-serien leveres for plug-in eller Inline.<\/p>","protected":false},"excerpt":{"rendered":"<p>Termisk massestr\u00f8msm\u00e5ler, variable gasser, ATEX<\/p>","protected":false},"featured_media":4984,"template":"","meta":{"_acf_changed":false,"content-type":"","site-sidebar-layout":"default","site-content-layout":"default","ast-site-content-layout":"default","site-content-style":"default","site-sidebar-style":"default","ast-global-header-display":"","ast-banner-title-visibility":"","ast-main-header-display":"","ast-hfb-above-header-display":"","ast-hfb-below-header-display":"","ast-hfb-mobile-header-display":"","site-post-title":"","ast-breadcrumbs-content":"","ast-featured-img":"","footer-sml-layout":"","theme-transparent-header-meta":"default","adv-header-id-meta":"","stick-header-meta":"default","header-above-stick-meta":"","header-main-stick-meta":"","header-below-stick-meta":"","astra-migrate-meta-layouts":"set","ast-page-background-enabled":"default","ast-page-background-meta":{"desktop":{"background-color":"","background-image":"","background-repeat":"repeat","background-position":"center center","background-size":"auto","background-attachment":"scroll","background-type":"","background-media":"","overlay-type":"","overlay-color":"","overlay-opacity":"","overlay-gradient":""},"tablet":{"background-color":"","background-image":"","background-repeat":"repeat","background-position":"center center","background-size":"auto","background-attachment":"scroll","background-type":"","background-media":"","overlay-type":"","overlay-color":"","overlay-opacity":"","overlay-gradient":""},"mobile":{"background-color":"","background-image":"","background-repeat":"repeat","background-position":"center center","background-size":"auto","background-attachment":"scroll","background-type":"","background-media":"","overlay-type":"","overlay-color":"","overlay-opacity":"","overlay-gradient":""}},"ast-content-background-meta":{"desktop":{"background-color":"var(--ast-global-color-5)","background-image":"","background-repeat":"repeat","background-position":"center center","background-size":"auto","background-attachment":"scroll","background-type":"","background-media":"","overlay-type":"","overlay-color":"","overlay-opacity":"","overlay-gradient":""},"tablet":{"background-color":"var(--ast-global-color-5)","background-image":"","background-repeat":"repeat","background-position":"center center","background-size":"auto","background-attachment":"scroll","background-type":"","background-media":"","overlay-type":"","overlay-color":"","overlay-opacity":"","overlay-gradient":""},"mobile":{"background-color":"var(--ast-global-color-5)","background-image":"","background-repeat":"repeat","background-position":"center center","background-size":"auto","background-attachment":"scroll","background-type":"","background-media":"","overlay-type":"","overlay-color":"","overlay-opacity":"","overlay-gradient":""}}},"product_brand":[],"product_cat":[491,68],"product_tag":[],"class_list":{"0":"post-7424","1":"product","2":"type-product","3":"status-publish","4":"has-post-thumbnail","6":"product_cat-flodesmatare-gas","7":"product_cat-massflodesmatare","8":"desktop-align-left","9":"tablet-align-left","10":"mobile-align-left","11":"ast-product-gallery-layout-horizontal","12":"ast-product-tabs-layout-horizontal","14":"first","15":"instock","16":"sale","17":"shipping-taxable","18":"purchasable","19":"product-type-simple"},"acf":[],"_links":{"self":[{"href":"https:\/\/old.kompauto.com\/no\/wp-json\/wp\/v2\/product\/7424","targetHints":{"allow":["GET"]}}],"collection":[{"href":"https:\/\/old.kompauto.com\/no\/wp-json\/wp\/v2\/product"}],"about":[{"href":"https:\/\/old.kompauto.com\/no\/wp-json\/wp\/v2\/types\/product"}],"version-history":[{"count":3,"href":"https:\/\/old.kompauto.com\/no\/wp-json\/wp\/v2\/product\/7424\/revisions"}],"predecessor-version":[{"id":17423,"href":"https:\/\/old.kompauto.com\/no\/wp-json\/wp\/v2\/product\/7424\/revisions\/17423"}],"wp:featuredmedia":[{"embeddable":true,"href":"https:\/\/old.kompauto.com\/no\/wp-json\/wp\/v2\/media\/4984"}],"wp:attachment":[{"href":"https:\/\/old.kompauto.com\/no\/wp-json\/wp\/v2\/media?parent=7424"}],"wp:term":[{"taxonomy":"product_brand","embeddable":true,"href":"https:\/\/old.kompauto.com\/no\/wp-json\/wp\/v2\/product_brand?post=7424"},{"taxonomy":"product_cat","embeddable":true,"href":"https:\/\/old.kompauto.com\/no\/wp-json\/wp\/v2\/product_cat?post=7424"},{"taxonomy":"product_tag","embeddable":true,"href":"https:\/\/old.kompauto.com\/no\/wp-json\/wp\/v2\/product_tag?post=7424"}],"curies":[{"name":"wp","href":"https:\/\/api.w.org\/{rel}","templated":true}]}}