{"id":7408,"date":"2023-06-08T09:23:06","date_gmt":"2023-06-08T09:23:06","guid":{"rendered":"https:\/\/kompauto.com\/?post_type=product&#038;p=7408"},"modified":"2026-01-12T14:03:10","modified_gmt":"2026-01-12T14:03:10","slug":"kobold-mim","status":"publish","type":"product","link":"https:\/\/old.kompauto.com\/no\/produkt\/kobold-mim\/","title":{"rendered":"Kobold MIM elektromagnetisk induktiv gjennomstr\u00f8mningsm\u00e5ler"},"content":{"rendered":"<h2>Magnetisk induktiv str\u00f8mningsm\u00e5ler<\/h2>\n<p>MIM induktive elektromagnetiske str\u00f8mningsm\u00e5lere fra Kobold er utviklet for rask m\u00e5ling av sm\u00e5 og mellomstore str\u00f8mningshastigheter for ledende v\u00e6sker i r\u00f8r og lignende applikasjoner. To separate utgangssignaler kan programmeres som vekselkontakt, analogt signal eller frekvens. M\u00e5leren har en doseringsfunksjon som enkelt styres via tastaturet direkte p\u00e5 instrumentet eller via et av utgangssignalene som i stedet er programmert som et settpunktsinngangssignal. Gjennomstr\u00f8mningsm\u00e5leren har et konfigurerbart TFT-display som kan roteres i 90\u00b0-trinn.<\/p>","protected":false},"excerpt":{"rendered":"<p>Liten elektromagnetisk mengdem\u00e5ler i syrefast st\u00e5l for n\u00f8yaktig mengdem\u00e5ling av vann og andre v\u00e6sker<\/p>","protected":false},"featured_media":15073,"template":"","meta":{"_acf_changed":false,"content-type":"","site-sidebar-layout":"default","site-content-layout":"default","ast-site-content-layout":"default","site-content-style":"default","site-sidebar-style":"default","ast-global-header-display":"","ast-banner-title-visibility":"","ast-main-header-display":"","ast-hfb-above-header-display":"","ast-hfb-below-header-display":"","ast-hfb-mobile-header-display":"","site-post-title":"","ast-breadcrumbs-content":"","ast-featured-img":"","footer-sml-layout":"","theme-transparent-header-meta":"default","adv-header-id-meta":"","stick-header-meta":"default","header-above-stick-meta":"","header-main-stick-meta":"","header-below-stick-meta":"","astra-migrate-meta-layouts":"set","ast-page-background-enabled":"default","ast-page-background-meta":{"desktop":{"background-color":"","background-image":"","background-repeat":"repeat","background-position":"center center","background-size":"auto","background-attachment":"scroll","background-type":"","background-media":"","overlay-type":"","overlay-color":"","overlay-opacity":"","overlay-gradient":""},"tablet":{"background-color":"","background-image":"","background-repeat":"repeat","background-position":"center center","background-size":"auto","background-attachment":"scroll","background-type":"","background-media":"","overlay-type":"","overlay-color":"","overlay-opacity":"","overlay-gradient":""},"mobile":{"background-color":"","background-image":"","background-repeat":"repeat","background-position":"center center","background-size":"auto","background-attachment":"scroll","background-type":"","background-media":"","overlay-type":"","overlay-color":"","overlay-opacity":"","overlay-gradient":""}},"ast-content-background-meta":{"desktop":{"background-color":"var(--ast-global-color-5)","background-image":"","background-repeat":"repeat","background-position":"center center","background-size":"auto","background-attachment":"scroll","background-type":"","background-media":"","overlay-type":"","overlay-color":"","overlay-opacity":"","overlay-gradient":""},"tablet":{"background-color":"var(--ast-global-color-5)","background-image":"","background-repeat":"repeat","background-position":"center center","background-size":"auto","background-attachment":"scroll","background-type":"","background-media":"","overlay-type":"","overlay-color":"","overlay-opacity":"","overlay-gradient":""},"mobile":{"background-color":"var(--ast-global-color-5)","background-image":"","background-repeat":"repeat","background-position":"center center","background-size":"auto","background-attachment":"scroll","background-type":"","background-media":"","overlay-type":"","overlay-color":"","overlay-opacity":"","overlay-gradient":""}}},"product_brand":[],"product_cat":[60,489],"product_tag":[353],"class_list":{"0":"post-7408","1":"product","2":"type-product","3":"status-publish","4":"has-post-thumbnail","6":"product_cat-elektromagnetiska-flodesmatare","7":"product_cat-flodesmatare-vatskor","8":"product_tag-kobold-messring","9":"desktop-align-left","10":"tablet-align-left","11":"mobile-align-left","12":"ast-product-gallery-layout-horizontal","13":"ast-product-tabs-layout-horizontal","15":"first","16":"instock","17":"sale","18":"shipping-taxable","19":"purchasable","20":"product-type-simple"},"acf":[],"_links":{"self":[{"href":"https:\/\/old.kompauto.com\/no\/wp-json\/wp\/v2\/product\/7408","targetHints":{"allow":["GET"]}}],"collection":[{"href":"https:\/\/old.kompauto.com\/no\/wp-json\/wp\/v2\/product"}],"about":[{"href":"https:\/\/old.kompauto.com\/no\/wp-json\/wp\/v2\/types\/product"}],"version-history":[{"count":4,"href":"https:\/\/old.kompauto.com\/no\/wp-json\/wp\/v2\/product\/7408\/revisions"}],"predecessor-version":[{"id":17694,"href":"https:\/\/old.kompauto.com\/no\/wp-json\/wp\/v2\/product\/7408\/revisions\/17694"}],"wp:featuredmedia":[{"embeddable":true,"href":"https:\/\/old.kompauto.com\/no\/wp-json\/wp\/v2\/media\/15073"}],"wp:attachment":[{"href":"https:\/\/old.kompauto.com\/no\/wp-json\/wp\/v2\/media?parent=7408"}],"wp:term":[{"taxonomy":"product_brand","embeddable":true,"href":"https:\/\/old.kompauto.com\/no\/wp-json\/wp\/v2\/product_brand?post=7408"},{"taxonomy":"product_cat","embeddable":true,"href":"https:\/\/old.kompauto.com\/no\/wp-json\/wp\/v2\/product_cat?post=7408"},{"taxonomy":"product_tag","embeddable":true,"href":"https:\/\/old.kompauto.com\/no\/wp-json\/wp\/v2\/product_tag?post=7408"}],"curies":[{"name":"wp","href":"https:\/\/api.w.org\/{rel}","templated":true}]}}