{"id":5818,"date":"2023-06-02T10:42:55","date_gmt":"2023-06-02T10:42:55","guid":{"rendered":"https:\/\/kompauto.com\/?post_type=product&#038;p=5818"},"modified":"2025-04-23T07:49:20","modified_gmt":"2025-04-23T07:49:20","slug":"suto-s600","status":"publish","type":"product","link":"https:\/\/old.kompauto.com\/no\/produkt\/suto-s600\/","title":{"rendered":"SUTO S600 B\u00e6rbar analysator for trykkluftskvalitet"},"content":{"rendered":"<p>SUTO S600 er en b\u00e6rbar analysator for trykkluftkvalitet i henhold til standarden ISO 8573-1. Den m\u00e5ler og dokumenterer viktige parametere som partikler, duggpunkt, oljeinnhold, temperatur og trykk i trykkluftsystemer. Med en 5-tommers ber\u00f8ringsskjerm og innebygd datalogger er S600 enkel \u00e5 bruke og tilbyr sanntidsoverv\u00e5king. Den er ideell for b\u00e5de sporadiske m\u00e5linger og revisjoner, og den genererer rapporter som kan deles med kunder eller tredjeparter.<\/p>\n<p>Med m\u00e5leomr\u00e5der som partikler fra 0,1 til 5 \u00b5m, duggpunkter fra -100 til +20 \u00b0C og oljeinnhold fra 0,003 til 10 mg\/m\u00b3, sikrer S600 h\u00f8y n\u00f8yaktighet og p\u00e5litelighet. Enheten er ogs\u00e5 IP65-klassifisert og leveres med n\u00f8dvendig tilbeh\u00f8r som USB-minnepinne og kalibreringssertifikat. S600 er ideell for bedrifter som \u00f8nsker \u00e5 sikre at trykkluften holder seg innenfor de \u00f8nskede kvalitetsniv\u00e5ene og unng\u00e5 produksjonsproblemer.<\/p>","protected":false},"excerpt":{"rendered":"<p>iht internasjonal standard ISO 8573-1<\/p>","protected":false},"featured_media":7715,"template":"","meta":{"_acf_changed":false,"content-type":"","site-sidebar-layout":"default","site-content-layout":"default","ast-site-content-layout":"default","site-content-style":"default","site-sidebar-style":"default","ast-global-header-display":"","ast-banner-title-visibility":"","ast-main-header-display":"","ast-hfb-above-header-display":"","ast-hfb-below-header-display":"","ast-hfb-mobile-header-display":"","site-post-title":"","ast-breadcrumbs-content":"","ast-featured-img":"","footer-sml-layout":"","theme-transparent-header-meta":"default","adv-header-id-meta":"","stick-header-meta":"default","header-above-stick-meta":"","header-main-stick-meta":"","header-below-stick-meta":"","astra-migrate-meta-layouts":"set","ast-page-background-enabled":"default","ast-page-background-meta":{"desktop":{"background-color":"","background-image":"","background-repeat":"repeat","background-position":"center center","background-size":"auto","background-attachment":"scroll","background-type":"","background-media":"","overlay-type":"","overlay-color":"","overlay-opacity":"","overlay-gradient":""},"tablet":{"background-color":"","background-image":"","background-repeat":"repeat","background-position":"center center","background-size":"auto","background-attachment":"scroll","background-type":"","background-media":"","overlay-type":"","overlay-color":"","overlay-opacity":"","overlay-gradient":""},"mobile":{"background-color":"","background-image":"","background-repeat":"repeat","background-position":"center center","background-size":"auto","background-attachment":"scroll","background-type":"","background-media":"","overlay-type":"","overlay-color":"","overlay-opacity":"","overlay-gradient":""}},"ast-content-background-meta":{"desktop":{"background-color":"var(--ast-global-color-5)","background-image":"","background-repeat":"repeat","background-position":"center center","background-size":"auto","background-attachment":"scroll","background-type":"","background-media":"","overlay-type":"","overlay-color":"","overlay-opacity":"","overlay-gradient":""},"tablet":{"background-color":"var(--ast-global-color-5)","background-image":"","background-repeat":"repeat","background-position":"center center","background-size":"auto","background-attachment":"scroll","background-type":"","background-media":"","overlay-type":"","overlay-color":"","overlay-opacity":"","overlay-gradient":""},"mobile":{"background-color":"var(--ast-global-color-5)","background-image":"","background-repeat":"repeat","background-position":"center center","background-size":"auto","background-attachment":"scroll","background-type":"","background-media":"","overlay-type":"","overlay-color":"","overlay-opacity":"","overlay-gradient":""}}},"product_brand":[],"product_cat":[104,462,461,105],"product_tag":[355],"class_list":{"0":"post-5818","1":"product","2":"type-product","3":"status-publish","4":"has-post-thumbnail","6":"product_cat-portabla-analysinstrument","7":"product_cat-oljeanalys","8":"product_cat-partikelanalys","9":"product_cat-tryckluft","10":"product_tag-suto-itec","11":"pa_kommunikation-usb-4g-modem","12":"pa_tillval-isokinetiskt-verktyg","13":"desktop-align-left","14":"tablet-align-left","15":"mobile-align-left","16":"ast-product-gallery-layout-horizontal","17":"ast-product-tabs-layout-horizontal","19":"first","20":"instock","21":"sale","22":"featured","23":"shipping-taxable","24":"purchasable","25":"product-type-simple"},"acf":[],"_links":{"self":[{"href":"https:\/\/old.kompauto.com\/no\/wp-json\/wp\/v2\/product\/5818","targetHints":{"allow":["GET"]}}],"collection":[{"href":"https:\/\/old.kompauto.com\/no\/wp-json\/wp\/v2\/product"}],"about":[{"href":"https:\/\/old.kompauto.com\/no\/wp-json\/wp\/v2\/types\/product"}],"version-history":[{"count":1,"href":"https:\/\/old.kompauto.com\/no\/wp-json\/wp\/v2\/product\/5818\/revisions"}],"predecessor-version":[{"id":17664,"href":"https:\/\/old.kompauto.com\/no\/wp-json\/wp\/v2\/product\/5818\/revisions\/17664"}],"wp:featuredmedia":[{"embeddable":true,"href":"https:\/\/old.kompauto.com\/no\/wp-json\/wp\/v2\/media\/7715"}],"wp:attachment":[{"href":"https:\/\/old.kompauto.com\/no\/wp-json\/wp\/v2\/media?parent=5818"}],"wp:term":[{"taxonomy":"product_brand","embeddable":true,"href":"https:\/\/old.kompauto.com\/no\/wp-json\/wp\/v2\/product_brand?post=5818"},{"taxonomy":"product_cat","embeddable":true,"href":"https:\/\/old.kompauto.com\/no\/wp-json\/wp\/v2\/product_cat?post=5818"},{"taxonomy":"product_tag","embeddable":true,"href":"https:\/\/old.kompauto.com\/no\/wp-json\/wp\/v2\/product_tag?post=5818"}],"curies":[{"name":"wp","href":"https:\/\/api.w.org\/{rel}","templated":true}]}}