{"id":17856,"date":"2025-09-15T08:46:28","date_gmt":"2025-09-15T08:46:28","guid":{"rendered":"https:\/\/kompauto.com\/?post_type=product&#038;p=17856"},"modified":"2026-01-12T14:11:29","modified_gmt":"2026-01-12T14:11:29","slug":"dynasonics-dxn-5p","status":"publish","type":"product","link":"https:\/\/old.kompauto.com\/no\/produkt\/dynasonics-dxn-5p\/","title":{"rendered":"Dynasonics DXN-5P"},"content":{"rendered":"<p>B\u00e6rbar ultralydm\u00e5ler bygget p\u00e5 hybridteknologi som automatisk veksler mellom ultralyd- og dopplermodus etter behov. DXN-5P har unike funksjoner som muligheten til \u00e5 lagre spesifikke innstillinger og en avansert m\u00e5ling som kan tilpasses kundens behov, programmerbar via Bluetooth-appen. DXN er bygget p\u00e5 en robust maskinvareplattform, moderne mikroprosessorer, digitale signaler og er inspirert av de nyeste brukergrensesnittene innen elektronikk, og baner dermed en ny vei for b\u00e6rbare gjennomstr\u00f8mningsm\u00e5lere. Med en ekstremt rask responstid p\u00e5 20 millisekunder kan DXN h\u00e5ndtere de t\u00f8ffeste bruksomr\u00e5dene som finnes, alt gjennom bransjens mest brukervennlige grensesnitt. Du kan ha en p\u00e5litelig, repeterbar str\u00f8mningsm\u00e5ling i gang i l\u00f8pet av 5 minutter (inkludert installasjonstid). DXN-5P er tilgjengelig i ulike konfigurasjoner, fra et grunnleggende sett med to sensorer, kabler og en praktisk skulderveske, til et komplett sett som inkluderer b\u00e5de ultralyd- og Doppler-sensorer, men ogs\u00e5 temperatursensorer for energim\u00e5ling.<\/p>","protected":false},"excerpt":{"rendered":"<p>B\u00e6rbar ultralydm\u00e5ler for rene v\u00e6sker og for v\u00e6ske med partikler<\/p>","protected":false},"featured_media":17833,"template":"","meta":{"_acf_changed":false,"content-type":"","site-sidebar-layout":"default","site-content-layout":"","ast-site-content-layout":"default","site-content-style":"default","site-sidebar-style":"default","ast-global-header-display":"","ast-banner-title-visibility":"","ast-main-header-display":"","ast-hfb-above-header-display":"","ast-hfb-below-header-display":"","ast-hfb-mobile-header-display":"","site-post-title":"","ast-breadcrumbs-content":"","ast-featured-img":"","footer-sml-layout":"","theme-transparent-header-meta":"default","adv-header-id-meta":"","stick-header-meta":"","header-above-stick-meta":"","header-main-stick-meta":"","header-below-stick-meta":"","astra-migrate-meta-layouts":"set","ast-page-background-enabled":"default","ast-page-background-meta":{"desktop":{"background-color":"","background-image":"","background-repeat":"repeat","background-position":"center center","background-size":"auto","background-attachment":"scroll","background-type":"","background-media":"","overlay-type":"","overlay-color":"","overlay-opacity":"","overlay-gradient":""},"tablet":{"background-color":"","background-image":"","background-repeat":"repeat","background-position":"center center","background-size":"auto","background-attachment":"scroll","background-type":"","background-media":"","overlay-type":"","overlay-color":"","overlay-opacity":"","overlay-gradient":""},"mobile":{"background-color":"","background-image":"","background-repeat":"repeat","background-position":"center center","background-size":"auto","background-attachment":"scroll","background-type":"","background-media":"","overlay-type":"","overlay-color":"","overlay-opacity":"","overlay-gradient":""}},"ast-content-background-meta":{"desktop":{"background-color":"var(--ast-global-color-5)","background-image":"","background-repeat":"repeat","background-position":"center center","background-size":"auto","background-attachment":"scroll","background-type":"","background-media":"","overlay-type":"","overlay-color":"","overlay-opacity":"","overlay-gradient":""},"tablet":{"background-color":"var(--ast-global-color-5)","background-image":"","background-repeat":"repeat","background-position":"center center","background-size":"auto","background-attachment":"scroll","background-type":"","background-media":"","overlay-type":"","overlay-color":"","overlay-opacity":"","overlay-gradient":""},"mobile":{"background-color":"var(--ast-global-color-5)","background-image":"","background-repeat":"repeat","background-position":"center center","background-size":"auto","background-attachment":"scroll","background-type":"","background-media":"","overlay-type":"","overlay-color":"","overlay-opacity":"","overlay-gradient":""}}},"product_brand":[],"product_cat":[67,364,65,489],"product_tag":[346],"class_list":{"0":"post-17856","1":"product","2":"type-product","3":"status-publish","4":"has-post-thumbnail","6":"product_cat-portabla-flodesmatare","7":"product_cat-energimatning","8":"product_cat-flodesmatare-ultraljud","9":"product_cat-flodesmatare-vatskor","10":"product_tag-badgermeter","11":"desktop-align-left","12":"tablet-align-left","13":"mobile-align-left","14":"ast-product-gallery-layout-horizontal","15":"ast-product-tabs-layout-horizontal","17":"first","18":"instock","19":"shipping-taxable","20":"product-type-simple"},"acf":[],"_links":{"self":[{"href":"https:\/\/old.kompauto.com\/no\/wp-json\/wp\/v2\/product\/17856","targetHints":{"allow":["GET"]}}],"collection":[{"href":"https:\/\/old.kompauto.com\/no\/wp-json\/wp\/v2\/product"}],"about":[{"href":"https:\/\/old.kompauto.com\/no\/wp-json\/wp\/v2\/types\/product"}],"version-history":[{"count":2,"href":"https:\/\/old.kompauto.com\/no\/wp-json\/wp\/v2\/product\/17856\/revisions"}],"predecessor-version":[{"id":17858,"href":"https:\/\/old.kompauto.com\/no\/wp-json\/wp\/v2\/product\/17856\/revisions\/17858"}],"wp:featuredmedia":[{"embeddable":true,"href":"https:\/\/old.kompauto.com\/no\/wp-json\/wp\/v2\/media\/17833"}],"wp:attachment":[{"href":"https:\/\/old.kompauto.com\/no\/wp-json\/wp\/v2\/media?parent=17856"}],"wp:term":[{"taxonomy":"product_brand","embeddable":true,"href":"https:\/\/old.kompauto.com\/no\/wp-json\/wp\/v2\/product_brand?post=17856"},{"taxonomy":"product_cat","embeddable":true,"href":"https:\/\/old.kompauto.com\/no\/wp-json\/wp\/v2\/product_cat?post=17856"},{"taxonomy":"product_tag","embeddable":true,"href":"https:\/\/old.kompauto.com\/no\/wp-json\/wp\/v2\/product_tag?post=17856"}],"curies":[{"name":"wp","href":"https:\/\/api.w.org\/{rel}","templated":true}]}}