{"id":16201,"date":"2024-04-25T07:56:06","date_gmt":"2024-04-25T07:56:06","guid":{"rendered":"https:\/\/kompauto.com\/?post_type=product&#038;p=16201"},"modified":"2026-01-09T11:04:05","modified_gmt":"2026-01-09T11:04:05","slug":"suto-s605","status":"publish","type":"product","link":"https:\/\/old.kompauto.com\/no\/produkt\/suto-s605\/","title":{"rendered":"SUTO S605 B\u00e6rbar pusteluftanalysator"},"content":{"rendered":"<p>S605 er en b\u00e6rbar analysator for m\u00e5ling av pusteluft i henhold til EN 12021. Den m\u00e5ler luftens innhold av O2, CO2, CO, H2O og olje, og avgir en alarm hvis noen av verdiene overskrider de forh\u00e5ndsprogrammerte verdiene som er definert i henhold til internasjonale standarder.<\/p>\n<p>Den b\u00e6rbare designen med batteridrift gj\u00f8r den optimal for midlertidige m\u00e5linger. Hvis du i tillegg velger 4G-tilkobling (tilleggsutstyr), kan du f\u00e5 tilgang til den p\u00e5g\u00e5ende m\u00e5lingen med datamaskinen eller mobiltelefonen uansett hvor du befinner deg.<\/p>","protected":false},"excerpt":{"rendered":"<p>iht internasjonal standard EN 12021<\/p>","protected":false},"featured_media":16323,"template":"","meta":{"_acf_changed":false,"content-type":"","site-sidebar-layout":"default","site-content-layout":"","ast-site-content-layout":"default","site-content-style":"default","site-sidebar-style":"default","ast-global-header-display":"","ast-banner-title-visibility":"","ast-main-header-display":"","ast-hfb-above-header-display":"","ast-hfb-below-header-display":"","ast-hfb-mobile-header-display":"","site-post-title":"","ast-breadcrumbs-content":"","ast-featured-img":"","footer-sml-layout":"","theme-transparent-header-meta":"default","adv-header-id-meta":"","stick-header-meta":"","header-above-stick-meta":"","header-main-stick-meta":"","header-below-stick-meta":"","astra-migrate-meta-layouts":"set","ast-page-background-enabled":"default","ast-page-background-meta":{"desktop":{"background-color":"","background-image":"","background-repeat":"repeat","background-position":"center center","background-size":"auto","background-attachment":"scroll","background-type":"","background-media":"","overlay-type":"","overlay-color":"","overlay-opacity":"","overlay-gradient":""},"tablet":{"background-color":"","background-image":"","background-repeat":"repeat","background-position":"center center","background-size":"auto","background-attachment":"scroll","background-type":"","background-media":"","overlay-type":"","overlay-color":"","overlay-opacity":"","overlay-gradient":""},"mobile":{"background-color":"","background-image":"","background-repeat":"repeat","background-position":"center center","background-size":"auto","background-attachment":"scroll","background-type":"","background-media":"","overlay-type":"","overlay-color":"","overlay-opacity":"","overlay-gradient":""}},"ast-content-background-meta":{"desktop":{"background-color":"var(--ast-global-color-5)","background-image":"","background-repeat":"repeat","background-position":"center center","background-size":"auto","background-attachment":"scroll","background-type":"","background-media":"","overlay-type":"","overlay-color":"","overlay-opacity":"","overlay-gradient":""},"tablet":{"background-color":"var(--ast-global-color-5)","background-image":"","background-repeat":"repeat","background-position":"center center","background-size":"auto","background-attachment":"scroll","background-type":"","background-media":"","overlay-type":"","overlay-color":"","overlay-opacity":"","overlay-gradient":""},"mobile":{"background-color":"var(--ast-global-color-5)","background-image":"","background-repeat":"repeat","background-position":"center center","background-size":"auto","background-attachment":"scroll","background-type":"","background-media":"","overlay-type":"","overlay-color":"","overlay-opacity":"","overlay-gradient":""}}},"product_brand":[],"product_cat":[469,104],"product_tag":[355],"class_list":{"0":"post-16201","1":"product","2":"type-product","3":"status-publish","4":"has-post-thumbnail","6":"product_cat-andningsluft","7":"product_cat-portabla-analysinstrument","8":"product_tag-suto-itec","9":"pa_kommunikation-usb-4g-modem","10":"pa_tillval-isokinetiskt-verktyg","11":"desktop-align-left","12":"tablet-align-left","13":"mobile-align-left","14":"ast-product-gallery-layout-horizontal","15":"ast-product-tabs-layout-horizontal","17":"first","18":"instock","19":"featured","20":"shipping-taxable","21":"purchasable","22":"product-type-simple"},"acf":[],"_links":{"self":[{"href":"https:\/\/old.kompauto.com\/no\/wp-json\/wp\/v2\/product\/16201","targetHints":{"allow":["GET"]}}],"collection":[{"href":"https:\/\/old.kompauto.com\/no\/wp-json\/wp\/v2\/product"}],"about":[{"href":"https:\/\/old.kompauto.com\/no\/wp-json\/wp\/v2\/types\/product"}],"version-history":[{"count":2,"href":"https:\/\/old.kompauto.com\/no\/wp-json\/wp\/v2\/product\/16201\/revisions"}],"predecessor-version":[{"id":18105,"href":"https:\/\/old.kompauto.com\/no\/wp-json\/wp\/v2\/product\/16201\/revisions\/18105"}],"wp:featuredmedia":[{"embeddable":true,"href":"https:\/\/old.kompauto.com\/no\/wp-json\/wp\/v2\/media\/16323"}],"wp:attachment":[{"href":"https:\/\/old.kompauto.com\/no\/wp-json\/wp\/v2\/media?parent=16201"}],"wp:term":[{"taxonomy":"product_brand","embeddable":true,"href":"https:\/\/old.kompauto.com\/no\/wp-json\/wp\/v2\/product_brand?post=16201"},{"taxonomy":"product_cat","embeddable":true,"href":"https:\/\/old.kompauto.com\/no\/wp-json\/wp\/v2\/product_cat?post=16201"},{"taxonomy":"product_tag","embeddable":true,"href":"https:\/\/old.kompauto.com\/no\/wp-json\/wp\/v2\/product_tag?post=16201"}],"curies":[{"name":"wp","href":"https:\/\/api.w.org\/{rel}","templated":true}]}}