{"id":16152,"date":"2024-04-18T07:29:27","date_gmt":"2024-04-18T07:29:27","guid":{"rendered":"https:\/\/kompauto.com\/?post_type=product&#038;p=16152"},"modified":"2025-04-23T07:25:01","modified_gmt":"2025-04-23T07:25:01","slug":"suto-s551","status":"publish","type":"product","link":"https:\/\/old.kompauto.com\/no\/produkt\/suto-s551\/","title":{"rendered":"SUTO S551 B\u00e6rbar datalogger"},"content":{"rendered":"<p>S551 er den optimale b\u00e6rbare dataloggeren for overv\u00e5king av trykklufteffektivitet og andre typer datalogging, og den er ideell for ISO 50001-energianalyser og ISO 11011-luftrevisjoner. Med sin robuste design er den skreddersydd for \u00e5 utf\u00f8re m\u00e5linger og revisjoner direkte p\u00e5 stedet, noe som gj\u00f8r den ideell for b\u00e5de industrielle og kommersielle milj\u00f8er.<\/p>\n<p>Den h\u00f8yoppl\u00f8selige 5-tommers ber\u00f8ringsskjermen i farger gj\u00f8r betjeningen enkel og brukervennlig. For \u00e5 sikre at ingen data g\u00e5r tapt under str\u00f8mbrudd, har S551 et p\u00e5litelig reservebatteri som muliggj\u00f8r kontinuerlig datalogging.<\/p>\n<p>Med en plug &amp; play-l\u00f8sning er det minimalt med konfigurasjon; det er bare \u00e5 koble til sensoren og starte opptaket. SUTOs intelligente sensorer oppdages automatisk, noe som sparer tid og gj\u00f8r prosessen smidig.<\/p>\n<p>S551 kombinerer effektivitet og brukervennlighet, noe som gj\u00f8r den til et uunnv\u00e6rlig verkt\u00f8y for n\u00f8yaktige m\u00e5linger og innsikt i trykklufteffektiviteten!<\/p>","protected":false},"excerpt":{"rendered":"<p>For revisjoner og midlertidig logging av m\u00e5ledata<\/p>","protected":false},"featured_media":16149,"template":"","meta":{"_acf_changed":false,"content-type":"","site-sidebar-layout":"default","site-content-layout":"default","ast-site-content-layout":"default","site-content-style":"default","site-sidebar-style":"default","ast-global-header-display":"","ast-banner-title-visibility":"","ast-main-header-display":"","ast-hfb-above-header-display":"","ast-hfb-below-header-display":"","ast-hfb-mobile-header-display":"","site-post-title":"","ast-breadcrumbs-content":"","ast-featured-img":"","footer-sml-layout":"","theme-transparent-header-meta":"default","adv-header-id-meta":"","stick-header-meta":"default","header-above-stick-meta":"","header-main-stick-meta":"","header-below-stick-meta":"","astra-migrate-meta-layouts":"set","ast-page-background-enabled":"default","ast-page-background-meta":{"desktop":{"background-color":"","background-image":"","background-repeat":"repeat","background-position":"center center","background-size":"auto","background-attachment":"scroll","background-type":"","background-media":"","overlay-type":"","overlay-color":"","overlay-opacity":"","overlay-gradient":""},"tablet":{"background-color":"","background-image":"","background-repeat":"repeat","background-position":"center center","background-size":"auto","background-attachment":"scroll","background-type":"","background-media":"","overlay-type":"","overlay-color":"","overlay-opacity":"","overlay-gradient":""},"mobile":{"background-color":"","background-image":"","background-repeat":"repeat","background-position":"center center","background-size":"auto","background-attachment":"scroll","background-type":"","background-media":"","overlay-type":"","overlay-color":"","overlay-opacity":"","overlay-gradient":""}},"ast-content-background-meta":{"desktop":{"background-color":"var(--ast-global-color-5)","background-image":"","background-repeat":"repeat","background-position":"center center","background-size":"auto","background-attachment":"scroll","background-type":"","background-media":"","overlay-type":"","overlay-color":"","overlay-opacity":"","overlay-gradient":""},"tablet":{"background-color":"var(--ast-global-color-5)","background-image":"","background-repeat":"repeat","background-position":"center center","background-size":"auto","background-attachment":"scroll","background-type":"","background-media":"","overlay-type":"","overlay-color":"","overlay-opacity":"","overlay-gradient":""},"mobile":{"background-color":"var(--ast-global-color-5)","background-image":"","background-repeat":"repeat","background-position":"center center","background-size":"auto","background-attachment":"scroll","background-type":"","background-media":"","overlay-type":"","overlay-color":"","overlay-opacity":"","overlay-gradient":""}}},"product_brand":[],"product_cat":[104,99],"product_tag":[355],"class_list":{"0":"post-16152","1":"product","2":"type-product","3":"status-publish","4":"has-post-thumbnail","6":"product_cat-portabla-analysinstrument","7":"product_cat-displayer","8":"product_tag-suto-itec","9":"pa_kommunikation-usb-4g-modem","10":"pa_tillval-isokinetiskt-verktyg","11":"desktop-align-left","12":"tablet-align-left","13":"mobile-align-left","14":"ast-product-gallery-layout-horizontal","15":"ast-product-tabs-layout-horizontal","17":"first","18":"instock","19":"sale","20":"featured","21":"shipping-taxable","22":"purchasable","23":"product-type-simple"},"acf":[],"_links":{"self":[{"href":"https:\/\/old.kompauto.com\/no\/wp-json\/wp\/v2\/product\/16152","targetHints":{"allow":["GET"]}}],"collection":[{"href":"https:\/\/old.kompauto.com\/no\/wp-json\/wp\/v2\/product"}],"about":[{"href":"https:\/\/old.kompauto.com\/no\/wp-json\/wp\/v2\/types\/product"}],"version-history":[{"count":2,"href":"https:\/\/old.kompauto.com\/no\/wp-json\/wp\/v2\/product\/16152\/revisions"}],"predecessor-version":[{"id":17662,"href":"https:\/\/old.kompauto.com\/no\/wp-json\/wp\/v2\/product\/16152\/revisions\/17662"}],"wp:featuredmedia":[{"embeddable":true,"href":"https:\/\/old.kompauto.com\/no\/wp-json\/wp\/v2\/media\/16149"}],"wp:attachment":[{"href":"https:\/\/old.kompauto.com\/no\/wp-json\/wp\/v2\/media?parent=16152"}],"wp:term":[{"taxonomy":"product_brand","embeddable":true,"href":"https:\/\/old.kompauto.com\/no\/wp-json\/wp\/v2\/product_brand?post=16152"},{"taxonomy":"product_cat","embeddable":true,"href":"https:\/\/old.kompauto.com\/no\/wp-json\/wp\/v2\/product_cat?post=16152"},{"taxonomy":"product_tag","embeddable":true,"href":"https:\/\/old.kompauto.com\/no\/wp-json\/wp\/v2\/product_tag?post=16152"}],"curies":[{"name":"wp","href":"https:\/\/api.w.org\/{rel}","templated":true}]}}