{"id":8205,"date":"2023-06-12T10:39:49","date_gmt":"2023-06-12T10:39:49","guid":{"rendered":"https:\/\/kompauto.com\/?page_id=8205"},"modified":"2024-06-19T06:41:52","modified_gmt":"2024-06-19T06:41:52","slug":"alicat-service","status":"publish","type":"page","link":"https:\/\/old.kompauto.com\/no\/alicat-service\/","title":{"rendered":"Alicat Service"},"content":{"rendered":"<div data-elementor-type=\"wp-page\" data-elementor-id=\"8205\" class=\"elementor elementor-8205\" data-elementor-post-type=\"page\">\n\t\t\t\t\t\t<section class=\"elementor-section elementor-top-section elementor-element elementor-element-16bad8f8 elementor-section-content-middle elementor-section-boxed elementor-section-height-default elementor-section-height-default\" data-id=\"16bad8f8\" data-element_type=\"section\" data-e-type=\"section\" data-settings=\"{&quot;background_background&quot;:&quot;classic&quot;}\">\n\t\t\t\t\t\t\t<div class=\"elementor-background-overlay\"><\/div>\n\t\t\t\t\t\t\t<div class=\"elementor-container elementor-column-gap-no\">\n\t\t\t\t\t<div class=\"elementor-column elementor-col-100 elementor-top-column elementor-element elementor-element-48ead35e\" data-id=\"48ead35e\" data-element_type=\"column\" data-e-type=\"column\">\n\t\t\t<div class=\"elementor-widget-wrap elementor-element-populated\">\n\t\t\t\t\t\t<div class=\"elementor-element elementor-element-6262431 elementor-invisible elementor-widget elementor-widget-heading\" data-id=\"6262431\" data-element_type=\"widget\" data-e-type=\"widget\" data-settings=\"{&quot;_animation&quot;:&quot;fadeIn&quot;}\" data-widget_type=\"heading.default\">\n\t\t\t\t<div class=\"elementor-widget-container\">\n\t\t\t\t\t<h1 class=\"elementor-heading-title elementor-size-default\">Alicat Service<\/h1>\t\t\t\t<\/div>\n\t\t\t\t<\/div>\n\t\t\t\t\t<\/div>\n\t\t<\/div>\n\t\t\t\t\t<\/div>\n\t\t<\/section>\n\t\t\t\t<section class=\"elementor-section elementor-top-section elementor-element elementor-element-bb0ad8c elementor-section-boxed elementor-section-height-default elementor-section-height-default\" data-id=\"bb0ad8c\" data-element_type=\"section\" data-e-type=\"section\">\n\t\t\t\t\t\t<div class=\"elementor-container elementor-column-gap-default\">\n\t\t\t\t\t<div class=\"elementor-column elementor-col-100 elementor-top-column elementor-element elementor-element-9f919c9\" data-id=\"9f919c9\" data-element_type=\"column\" data-e-type=\"column\">\n\t\t\t<div class=\"elementor-widget-wrap elementor-element-populated\">\n\t\t\t\t\t\t<section class=\"elementor-section elementor-inner-section elementor-element elementor-element-fdf8041 elementor-section-boxed elementor-section-height-default elementor-section-height-default\" data-id=\"fdf8041\" data-element_type=\"section\" data-e-type=\"section\">\n\t\t\t\t\t\t<div class=\"elementor-container elementor-column-gap-default\">\n\t\t\t\t\t<div class=\"elementor-column elementor-col-50 elementor-inner-column elementor-element elementor-element-d2dce28\" data-id=\"d2dce28\" data-element_type=\"column\" data-e-type=\"column\">\n\t\t\t<div class=\"elementor-widget-wrap elementor-element-populated\">\n\t\t\t\t\t\t<div class=\"elementor-element elementor-element-f8d156d elementor-widget elementor-widget-text-editor\" data-id=\"f8d156d\" data-element_type=\"widget\" data-e-type=\"widget\" data-widget_type=\"text-editor.default\">\n\t\t\t\t<div class=\"elementor-widget-container\">\n\t\t\t\t\t\t\t\t\t<h2 style=\"font-size: 2.35294rem; font-style: normal; margin-bottom: 7px;\" data-elementor-setting-key=\"title_text\" data-elementor-inline-editing-toolbar=\"none\" data-pen-placeholder=\"Type Here...\">Alicat servicesenter<\/h2><p><span style=\"white-space-collapse: preserve;\">Sellom \u00e5rlig kalibrering av masseflowm\u00e5lere eller masseflowkontrollers ikke er en utsetting, er det mulig at deres kvalitetspolicy kan kreve \u00e5rlig omkalibrering. Her er et eksempel p\u00e5 <a href=\"https:\/\/www.alicat.com\/support\/calibration-and-accuracy-specifications-for-alicat-devices\/\" target=\"_blank\" rel=\"noopener\">kalibreringssertifikat<\/a>. <\/span><\/p><p><span style=\"white-space-collapse: preserve;\">P\u00e5 samme m\u00e5te kan det v\u00e6re lurt \u00e5 vurdere en \u00e5rlig \"helsesjekk\" ettersom over tid kan mindre fysiske endringer i de lamin\u00e6re flowelementene og trykksensorene inne i enheten, slik som partikkelavleiringer eller skadede flowelementer, endre str\u00f8mningsegenskapene i enheten. Husk at alle Alicatinstrumenter dekkes av en innledende tre\u00e5rsgaranti, ytterligere forsterket av den begrensede livstidsgarantien. For ytterligere detaljer, se Alicats begrensede livstidsgarantiside her. <a href=\"https:\/\/www.alicat.com\/support\/alicat-limited-lifetime-warranty\/\" target=\"_blank\" rel=\"noopener\">her<\/a>. <\/span><\/p><p><span style=\"white-space-collapse: preserve;\">Fullskalaomr\u00e5der ovenfor max flow, kalibrering for h\u00f8y n\u00f8yaktighet, trykk- og v\u00e6skekalibreringer fortsetter \u00e5 utf\u00f8res via Alicats globale servicenettverk.<\/span><\/p>\t\t\t\t\t\t\t\t<\/div>\n\t\t\t\t<\/div>\n\t\t\t\t<div class=\"elementor-element elementor-element-e7ddc44 elementor-widget__width-initial elementor-widget elementor-widget-text-editor\" data-id=\"e7ddc44\" data-element_type=\"widget\" data-e-type=\"widget\" data-widget_type=\"text-editor.default\">\n\t\t\t\t<div class=\"elementor-widget-container\">\n\t\t\t\t\t\t\t\t\t<h4>Hvordan bestille service?<\/h4><p><span style=\"font-size: 16px;\">For \u00e5 bestille service for enhetene dine, vennligst fyll ut foresp\u00f8rselen om servicebestilling i bestillingsskjemaet nedenfor. V\u00e5rt serviceteam vil gjennomg\u00e5 foresp\u00f8rselen din og registrere serviceordren innen 24 timer (virkedager). Serviceordrebekreftelse som inneholder forsendelsesinstruksjoner vil bli sendt til e-postadressen din som er angitt i skjemaet nedenfor.<\/span><\/p>\t\t\t\t\t\t\t\t<\/div>\n\t\t\t\t<\/div>\n\t\t\t\t\t<\/div>\n\t\t<\/div>\n\t\t\t\t<div class=\"elementor-column elementor-col-50 elementor-inner-column elementor-element elementor-element-2ee10ed\" data-id=\"2ee10ed\" data-element_type=\"column\" data-e-type=\"column\">\n\t\t\t<div class=\"elementor-widget-wrap elementor-element-populated\">\n\t\t\t\t\t\t<div class=\"elementor-element elementor-element-37e1c3f elementor-widget elementor-widget-text-editor\" data-id=\"37e1c3f\" data-element_type=\"widget\" data-e-type=\"widget\" data-widget_type=\"text-editor.default\">\n\t\t\t\t<div class=\"elementor-widget-container\">\n\t\t\t\t\t\t\t\t\t<div><h4 style=\"font-size: 1.41176rem; font-style: normal; margin-bottom: 7px;\" data-elementor-setting-key=\"title_text\" data-elementor-inline-editing-toolbar=\"none\" data-pen-placeholder=\"Type Here...\">Tjenester<\/h4><\/div><ul style=\"font-size: 17px; font-style: normal; font-weight: 400;\"><li style=\"font-size: 17px;\">Kalibreringer<\/li><li style=\"font-size: 17px;\">Rengj\u00f8ring<\/li><li style=\"font-size: 17px;\">Reparasjoner<\/li><li style=\"font-size: 17px;\">Rekonfigurasjoner<\/li><li style=\"font-size: 17px;\">Endring av flowrange<\/li><li style=\"font-size: 17px;\">Ventiljustering<\/li><li style=\"font-size: 17px;\">Programoppdateringer<\/li><li style=\"font-size: 17px;\">Spesielle tekniske foresp\u00f8rsler<\/li><\/ul><div><h4 style=\"font-size: 1.41176rem; font-style: normal; margin-bottom: 7px;\" data-elementor-setting-key=\"title_text\" data-elementor-inline-editing-toolbar=\"none\" data-pen-placeholder=\"Type Here...\"><img fetchpriority=\"high\" decoding=\"async\" src=\"https:\/\/old.kompauto.com\/wp-content\/uploads\/2024\/05\/alicat-mc-300x300.png\" alt=\"En massestr\u00f8mregulator for gass og luft brukes til \u00e5 regulere en \u00f8nsket str\u00f8mning.\" width=\"300\" height=\"300\" \/><\/h4><\/div>\t\t\t\t\t\t\t\t<\/div>\n\t\t\t\t<\/div>\n\t\t\t\t<div class=\"elementor-element elementor-element-b3169a1 elementor-widget elementor-widget-text-editor\" data-id=\"b3169a1\" data-element_type=\"widget\" data-e-type=\"widget\" data-widget_type=\"text-editor.default\">\n\t\t\t\t<div class=\"elementor-widget-container\">\n\t\t\t\t\t\t\t\t\t<h4>Vil du snakke med en person?<\/h4><p>Du kan selvf\u00f8lgelig alltid ringe oss, s\u00e5 veileder vi deg om du trenger service, og hva slags service for enhetene dine. Se telefonnummer i bunnteksten, eller fyll ut v\u00e5rt <a href=\"https:\/\/old.kompauto.com\/no\/kontakt-oss\/\">generelle kontaktskjema her<\/a>.<\/p>\t\t\t\t\t\t\t\t<\/div>\n\t\t\t\t<\/div>\n\t\t\t\t\t<\/div>\n\t\t<\/div>\n\t\t\t\t\t<\/div>\n\t\t<\/section>\n\t\t\t\t\t<\/div>\n\t\t<\/div>\n\t\t\t\t\t<\/div>\n\t\t<\/section>\n\t\t\t\t<section class=\"elementor-section elementor-top-section elementor-element elementor-element-a643871 elementor-section-full_width elementor-section-height-default elementor-section-height-default\" data-id=\"a643871\" data-element_type=\"section\" data-e-type=\"section\">\n\t\t\t\t\t\t<div class=\"elementor-container elementor-column-gap-default\">\n\t\t\t\t\t<div class=\"elementor-column elementor-col-100 elementor-top-column elementor-element elementor-element-f169401\" data-id=\"f169401\" data-element_type=\"column\" data-e-type=\"column\">\n\t\t\t<div class=\"elementor-widget-wrap elementor-element-populated\">\n\t\t\t\t\t\t<div class=\"elementor-element elementor-element-6e57f11 elementor-widget elementor-widget-html\" data-id=\"6e57f11\" data-element_type=\"widget\" data-e-type=\"widget\" data-widget_type=\"html.default\">\n\t\t\t\t<div class=\"elementor-widget-container\">\n\t\t\t\t\t<iframe width=\"640px\" height=\"480px\" src=\"https:\/\/forms.office.com\/Pages\/ResponsePage.aspx?id=9t25OUNkrEGgv1HMnzUBh7sJJx8JOFRJioIWPQ8ALitUM0dTNzdDMjNVNFRaS0JWSkdXV0lVSVBGMSQlQCN0PWcu&embed=true\" frameborder=\"0\" marginwidth=\"0\" marginheight=\"0\" style=\"border: none; max-width:100%; max-height:100vh\" allowfullscreen webkitallowfullscreen mozallowfullscreen msallowfullscreen> <\/iframe>\t\t\t\t<\/div>\n\t\t\t\t<\/div>\n\t\t\t\t\t<\/div>\n\t\t<\/div>\n\t\t\t\t\t<\/div>\n\t\t<\/section>\n\t\t\t\t<\/div>","protected":false},"excerpt":{"rendered":"<p>Alicat Service Alicat servicecenter \u00c4ven om \u00e5rlig kalibrering av massfl\u00f6desm\u00e4tare eller massfl\u00f6deskontrollers inte \u00e4r en f\u00f6ruts\u00e4ttning, \u00e4r det m\u00f6jligt att er kvalitetspolicy kan kr\u00e4va certifierad \u00e5rlig omkalibrering. H\u00e4r \u00e4r ett exempel p\u00e5 kalibreringscertifikat. P\u00e5 samma s\u00e4tt kan ni \u00f6verv\u00e4ga en \u00e5rlig &#8221;h\u00e4lsokontroll&#8221; eftersom mindre fysiska f\u00f6r\u00e4ndringar av de lamin\u00e4ra fl\u00f6deselementen och trycksensorerna inuti enheten, s\u00e5som [&hellip;]<\/p>","protected":false},"author":6,"featured_media":0,"parent":0,"menu_order":0,"comment_status":"closed","ping_status":"closed","template":"","meta":{"_acf_changed":false,"content-type":"","site-sidebar-layout":"no-sidebar","site-content-layout":"page-builder","ast-site-content-layout":"full-width-container","site-content-style":"unboxed","site-sidebar-style":"unboxed","ast-global-header-display":"","ast-banner-title-visibility":"","ast-main-header-display":"","ast-hfb-above-header-display":"","ast-hfb-below-header-display":"","ast-hfb-mobile-header-display":"","site-post-title":"disabled","ast-breadcrumbs-content":"","ast-featured-img":"disabled","footer-sml-layout":"","theme-transparent-header-meta":"default","adv-header-id-meta":"","stick-header-meta":"default","header-above-stick-meta":"","header-main-stick-meta":"","header-below-stick-meta":"","astra-migrate-meta-layouts":"set","ast-page-background-enabled":"default","ast-page-background-meta":{"desktop":{"background-color":"","background-image":"","background-repeat":"repeat","background-position":"center center","background-size":"auto","background-attachment":"scroll","background-type":"","background-media":"","overlay-type":"","overlay-color":"","overlay-opacity":"","overlay-gradient":""},"tablet":{"background-color":"","background-image":"","background-repeat":"repeat","background-position":"center center","background-size":"auto","background-attachment":"scroll","background-type":"","background-media":"","overlay-type":"","overlay-color":"","overlay-opacity":"","overlay-gradient":""},"mobile":{"background-color":"","background-image":"","background-repeat":"repeat","background-position":"center center","background-size":"auto","background-attachment":"scroll","background-type":"","background-media":"","overlay-type":"","overlay-color":"","overlay-opacity":"","overlay-gradient":""}},"ast-content-background-meta":{"desktop":{"background-color":"var(--ast-global-color-5)","background-image":"","background-repeat":"repeat","background-position":"center center","background-size":"auto","background-attachment":"scroll","background-type":"","background-media":"","overlay-type":"","overlay-color":"","overlay-opacity":"","overlay-gradient":""},"tablet":{"background-color":"var(--ast-global-color-5)","background-image":"","background-repeat":"repeat","background-position":"center center","background-size":"auto","background-attachment":"scroll","background-type":"","background-media":"","overlay-type":"","overlay-color":"","overlay-opacity":"","overlay-gradient":""},"mobile":{"background-color":"var(--ast-global-color-5)","background-image":"","background-repeat":"repeat","background-position":"center center","background-size":"auto","background-attachment":"scroll","background-type":"","background-media":"","overlay-type":"","overlay-color":"","overlay-opacity":"","overlay-gradient":""}},"footnotes":""},"class_list":["post-8205","page","type-page","status-publish","hentry"],"acf":[],"_links":{"self":[{"href":"https:\/\/old.kompauto.com\/no\/wp-json\/wp\/v2\/pages\/8205","targetHints":{"allow":["GET"]}}],"collection":[{"href":"https:\/\/old.kompauto.com\/no\/wp-json\/wp\/v2\/pages"}],"about":[{"href":"https:\/\/old.kompauto.com\/no\/wp-json\/wp\/v2\/types\/page"}],"author":[{"embeddable":true,"href":"https:\/\/old.kompauto.com\/no\/wp-json\/wp\/v2\/users\/6"}],"replies":[{"embeddable":true,"href":"https:\/\/old.kompauto.com\/no\/wp-json\/wp\/v2\/comments?post=8205"}],"version-history":[{"count":0,"href":"https:\/\/old.kompauto.com\/no\/wp-json\/wp\/v2\/pages\/8205\/revisions"}],"wp:attachment":[{"href":"https:\/\/old.kompauto.com\/no\/wp-json\/wp\/v2\/media?parent=8205"}],"curies":[{"name":"wp","href":"https:\/\/api.w.org\/{rel}","templated":true}]}}