{"id":16975,"date":"2024-10-11T10:09:27","date_gmt":"2024-10-11T10:09:27","guid":{"rendered":"https:\/\/kompauto.com\/?page_id=16975"},"modified":"2025-06-19T06:35:41","modified_gmt":"2025-06-19T06:35:41","slug":"nedlastinger","status":"publish","type":"page","link":"https:\/\/old.kompauto.com\/no\/nedlastinger\/","title":{"rendered":"Nedlastinger"},"content":{"rendered":"<div data-elementor-type=\"wp-page\" data-elementor-id=\"16975\" class=\"elementor elementor-16975\" data-elementor-post-type=\"page\">\n\t\t\t\t\t\t<section class=\"elementor-section elementor-top-section elementor-element elementor-element-16bad8f8 elementor-section-content-middle elementor-section-boxed elementor-section-height-default elementor-section-height-default\" data-id=\"16bad8f8\" data-element_type=\"section\" data-e-type=\"section\" data-settings=\"{&quot;background_background&quot;:&quot;classic&quot;}\">\n\t\t\t\t\t\t\t<div class=\"elementor-background-overlay\"><\/div>\n\t\t\t\t\t\t\t<div class=\"elementor-container elementor-column-gap-no\">\n\t\t\t\t\t<div class=\"elementor-column elementor-col-100 elementor-top-column elementor-element elementor-element-48ead35e\" data-id=\"48ead35e\" data-element_type=\"column\" data-e-type=\"column\">\n\t\t\t<div class=\"elementor-widget-wrap elementor-element-populated\">\n\t\t\t\t\t\t<div class=\"elementor-element elementor-element-6262431 elementor-invisible elementor-widget elementor-widget-heading\" data-id=\"6262431\" data-element_type=\"widget\" data-e-type=\"widget\" data-settings=\"{&quot;_animation&quot;:&quot;fadeIn&quot;}\" data-widget_type=\"heading.default\">\n\t\t\t\t<div class=\"elementor-widget-container\">\n\t\t\t\t\t<h1 class=\"elementor-heading-title elementor-size-default\">Nedlastinger<\/h1>\t\t\t\t<\/div>\n\t\t\t\t<\/div>\n\t\t\t\t\t<\/div>\n\t\t<\/div>\n\t\t\t\t\t<\/div>\n\t\t<\/section>\n\t\t<div class=\"elementor-element elementor-element-1e1c600 e-flex e-con-boxed e-con e-parent\" data-id=\"1e1c600\" data-element_type=\"container\" data-e-type=\"container\">\n\t\t\t\t\t<div class=\"e-con-inner\">\n\t\t<div class=\"elementor-element elementor-element-7d6537f e-grid e-con-full e-con e-child\" data-id=\"7d6537f\" data-element_type=\"container\" data-e-type=\"container\">\n\t\t<div class=\"elementor-element elementor-element-88306d4 e-con-full e-flex e-con e-child\" data-id=\"88306d4\" data-element_type=\"container\" data-e-type=\"container\">\n\t\t\t\t<div class=\"elementor-element elementor-element-1d8756d elementor-widget elementor-widget-heading\" data-id=\"1d8756d\" data-element_type=\"widget\" data-e-type=\"widget\" data-widget_type=\"heading.default\">\n\t\t\t\t<div class=\"elementor-widget-container\">\n\t\t\t\t\t<h2 class=\"elementor-heading-title elementor-size-default\">Alicat<\/h2>\t\t\t\t<\/div>\n\t\t\t\t<\/div>\n\t\t\t\t<div class=\"elementor-element elementor-element-2326a6e elementor-widget elementor-widget-text-editor\" data-id=\"2326a6e\" data-element_type=\"widget\" data-e-type=\"widget\" data-widget_type=\"text-editor.default\">\n\t\t\t\t<div class=\"elementor-widget-container\">\n\t\t\t\t\t\t\t\t\t<hr \/><p style=\"padding-left: 40px;\"><strong>Regler og\u00a0<\/strong><strong>overv\u00e5kingsprogramvare (Windows) for Alicat massestr\u00f8m- og trykkinstrumenter:<\/strong><\/p><ul><li style=\"list-style-type: none;\"><ul><li><a href=\"https:\/\/downloads.alicat.com\/FlowVision2.0\/Setup_FlowVision_2.0_Latest.exe?_gl=1*tjzdav*_gcl_au*ODMxMzgzNTUyLjE3MjcwODI1MDM.*_ga*NzA4MTYzODIzLjE3MjcwODI1MDM.*_ga_ELG6892G0V*MTcyODY0MDY5MS43LjEuMTcyODY0MjQ5NS41Ni4wLjE0NTQyNDYzMDY.\" target=\"_blank\" rel=\"noopener\">Flow Vision 2.0-programvare<\/a><\/li><li><a href=\"https:\/\/documents.alicat.com\/manuals\/FlowVision2_Manual.pdf?_gl=1*tjzdav*_gcl_au*ODMxMzgzNTUyLjE3MjcwODI1MDM.*_ga*NzA4MTYzODIzLjE3MjcwODI1MDM.*_ga_ELG6892G0V*MTcyODY0MDY5MS43LjEuMTcyODY0MjQ5NS41Ni4wLjE0NTQyNDYzMDY.\" target=\"_blank\" rel=\"noopener\">FlowVision 2.0 brukerh\u00e5ndbok<\/a><\/li><\/ul><\/li><\/ul><p style=\"padding-left: 40px;\"><strong>Smartphone-app for flowavlesning og flowsekvensinnspilling av Alicat MB\/MWB b\u00e6rbare str\u00f8mningsm\u00e5lere:<\/strong><\/p><ul><li style=\"list-style-type: none;\"><ul><li><a href=\"https:\/\/apps.apple.com\/no\/app\/alicat-connect\/id1375267473\" target=\"_blank\" rel=\"noopener\">Alicat connect App iOS (iPhone)<\/a>***\/**<\/li><li><a href=\"https:\/\/play.google.com\/store\/apps\/details?id=com.alicat.connect&amp;pcampaignid=web_share\" target=\"_blank\" rel=\"noopener\">Alicat connect App Andriod<\/a>***<\/li><\/ul><\/li><\/ul><p style=\"padding-left: 40px;\"><em>*** G\u00e5 til denne nettsiden med smarttelefonen din og klikk p\u00e5 lenken for \u00e5 laste ned via App Store<\/em><\/p><p style=\"padding-left: 40px;\"><em>** Krever Bluetooth-modul som ekstrautstyr ved bestilling av flowm\u00e5lere<\/em><\/p>\t\t\t\t\t\t\t\t<\/div>\n\t\t\t\t<\/div>\n\t\t\t\t<\/div>\n\t\t<div class=\"elementor-element elementor-element-464d7fc e-con-full e-flex e-con e-child\" data-id=\"464d7fc\" data-element_type=\"container\" data-e-type=\"container\">\n\t\t\t\t<div class=\"elementor-element elementor-element-9a2a727 elementor-widget elementor-widget-heading\" data-id=\"9a2a727\" data-element_type=\"widget\" data-e-type=\"widget\" data-widget_type=\"heading.default\">\n\t\t\t\t<div class=\"elementor-widget-container\">\n\t\t\t\t\t<h2 class=\"elementor-heading-title elementor-size-default\">Grevling<\/h2>\t\t\t\t<\/div>\n\t\t\t\t<\/div>\n\t\t\t\t<div class=\"elementor-element elementor-element-632ac06 elementor-widget__width-initial elementor-widget elementor-widget-text-editor\" data-id=\"632ac06\" data-element_type=\"widget\" data-e-type=\"widget\" data-widget_type=\"text-editor.default\">\n\t\t\t\t<div class=\"elementor-widget-container\">\n\t\t\t\t\t\t\t\t\t<hr \/><p style=\"padding-left: 40px;\"><strong>Regler og <\/strong><strong>overv\u00e5kingsprogramvare (Windows) for Dynasonics\u00a0<\/strong><span style=\"font-weight: bold; text-align: var(--text-align); color: var(--ast-global-color-3); text-decoration-line: initial;\">Clamp-On\u00a0<\/span><strong style=\"font-style: inherit; text-align: var(--text-align); color: var(--ast-global-color-3); text-decoration-line: initial;\">flowm\u00e5ler for vann\/v\u00e6sker:<\/strong><\/p><ul><li style=\"list-style-type: none;\"><ul><li><a href=\"https:\/\/www.badgermeter.com\/products\/meters\/ultrasonic-flow-meters\/tfx-5000-ultrasonic-clamp-on-flow-meter\/#requestdownloadfirmware\" target=\"_blank\" rel=\"noopener\">SoloCUE Flow Device Manager-programvare<\/a><\/li><li><a href=\"https:\/\/www.badgermeter.com\/products\/meters\/ultrasonic-flow-meters\/tfx-5000-ultrasonic-clamp-on-flow-meter\/#requestdownloadfirmware\" target=\"_blank\" rel=\"noopener\">Dynasonics TFX-5000 fastvare<span style=\"color: #1b232a; font-family: Roboto, arial, sans-serif; letter-spacing: 0.30625px; text-transform: uppercase;\">\u00a0v3.01.011<\/span><\/a><\/li><\/ul><\/li><\/ul><p style=\"padding-left: 40px;\"><strong>Smarttelefon-app for konfigurering og lesing av m\u00e5ledata via Bluetooth i Dynasonic flowm\u00e5lere for vann\/<\/strong><b>v\u00e6sker:<\/b><\/p><ul><li style=\"list-style-type: none;\"><ul><li><a href=\"https:\/\/apps.apple.com\/no\/app\/solocue\/id6449558813\" target=\"_blank\" rel=\"noopener\">SoloCUE App iOS (iPhone)<\/a>***<\/li><li><a href=\"https:\/\/play.google.com\/store\/apps\/details?id=com.badgermeter.solocueex&amp;pcampaignid=web_share\" target=\"_blank\" rel=\"noopener\">SoloCUE App Andriod<\/a>***<\/li><\/ul><\/li><\/ul><div style=\"padding-left: 40px;\"><p><strong>Link og telefonapp for lesing av flowhistorikk p\u00e5 internett:<\/strong><\/p><\/div><ul><li style=\"list-style-type: none;\"><ul><li><a href=\"https:\/\/beaconama.net\/login\" target=\"_blank\" rel=\"noopener\">BEACON nettportal (nettlenke)<\/a><\/li><li><a href=\"https:\/\/apps.apple.com\/no\/app\/eyeonwater\/id915457810\" target=\"_blank\" rel=\"noopener\">EyeOnWater App iOS (iPhone)<\/a>***<\/li><li><a href=\"https:\/\/play.google.com\/store\/apps\/details?id=com.badgermeter.eyeonwater&amp;pcampaignid=web_share\" target=\"_blank\" rel=\"noopener\">EyeOnWater App Android<\/a>***<\/li><\/ul><\/li><\/ul><div>\u00a0<\/div><p style=\"padding-left: 40px;\"><em>*** G\u00e5 til denne nettsiden med smarttelefonen din og klikk p\u00e5 lenken for \u00e5 laste ned via App Store<\/em><\/p>\t\t\t\t\t\t\t\t<\/div>\n\t\t\t\t<\/div>\n\t\t\t\t<\/div>\n\t\t<div class=\"elementor-element elementor-element-2c760fa e-con-full e-flex e-con e-child\" data-id=\"2c760fa\" data-element_type=\"container\" data-e-type=\"container\">\n\t\t\t\t<div class=\"elementor-element elementor-element-c26fd05 elementor-widget elementor-widget-heading\" data-id=\"c26fd05\" data-element_type=\"widget\" data-e-type=\"widget\" data-widget_type=\"heading.default\">\n\t\t\t\t<div class=\"elementor-widget-container\">\n\t\t\t\t\t<h2 class=\"elementor-heading-title elementor-size-default\">SUTO<\/h2>\t\t\t\t<\/div>\n\t\t\t\t<\/div>\n\t\t\t\t<div class=\"elementor-element elementor-element-4cfa9ee elementor-widget elementor-widget-text-editor\" data-id=\"4cfa9ee\" data-element_type=\"widget\" data-e-type=\"widget\" data-widget_type=\"text-editor.default\">\n\t\t\t\t<div class=\"elementor-widget-container\">\n\t\t\t\t\t\t\t\t\t<hr \/><p style=\"padding-left: 40px;\"><strong>Programvare for flowberegning av SUTO iTEC str\u00f8mningsm\u00e5lere for trykkluft og gass:<\/strong><\/p><ul><li style=\"list-style-type: none;\"><ul><li><a href=\"https:\/\/www.suto-itec.com\/wp-content\/uploads\/2024\/08\/Flow-Range_V3.4.zip\" target=\"_blank\" rel=\"noopener\">Flow Range Calculator V3:4-programvare<\/a><\/li><\/ul><\/li><\/ul><p style=\"padding-left: 40px;\"><strong>S4A-programvare for \u00e5 lese og eksportere data fra SUTO-dataloggere<\/strong><\/p><ul><li style=\"list-style-type: none;\"><ul style=\"font-size: 14px; font-style: normal; font-weight: 400; margin-bottom: 0px; margin-left: 1.5em;\"><li style=\"font-size: 14px;\"><a style=\"transition-property: all;\" href=\"https:\/\/downloads.suto-itec.com\/Software\/S4A_windows_1_4_7.zip\" target=\"_blank\" rel=\"noopener\">S4A-programvare: V1.4.7<\/a><\/li><\/ul><\/li><\/ul><p style=\"padding-left: 40px;\"><strong>\u00a0<\/strong><strong style=\"font-style: inherit; text-align: var(--text-align); color: var(--ast-global-color-3); text-decoration-line: initial;\">Smarttelefonapper for konfigurasjon og avlesning av m\u00e5ledata i SUTO-m\u00e5leinstrumenter<\/strong><\/p><p style=\"padding-left: 40px;\">Flowm\u00e5lere trykkluft og gass:<\/p><ul><li style=\"list-style-type: none;\"><ul><li><a href=\"https:\/\/apps.apple.com\/no\/app\/s4c-fs\/id1619076144\" target=\"_blank\" rel=\"noopener\">S4C-FS App iOS (iPhone)<\/a>***<\/li><li><a href=\"https:\/\/play.google.com\/store\/apps\/details?id=com.isinta.flowsenser&amp;pcampaignid=web_share\" target=\"_blank\" rel=\"noopener\">S4C-FS App Android<\/a>***<\/li><\/ul><\/li><\/ul><p style=\"padding-left: 40px;\">Clamp-on flow meter vann\/v\u00e6sker:<\/p><ul><li style=\"list-style-type: none;\"><ul><li><a href=\"https:\/\/apps.apple.com\/no\/app\/s4c-us\/id1511502113\" target=\"_blank\" rel=\"noopener\">S4C-US App iOS (iPhone)<\/a>***<\/li><li><a href=\"https:\/\/play.google.com\/store\/apps\/details?id=com.sutoitec.flutter_s461&amp;pcampaignid=web_share\" target=\"_blank\" rel=\"noopener\">S4C-US App Android<\/a>***<\/li><\/ul><\/li><\/ul><p style=\"padding-left: 40px;\"><a href=\"https:\/\/www.suto-itec.com\/wp-content\/uploads\/2024\/01\/SUTO_S4C-Apps_EN_24-1.pdf\" target=\"_blank\" rel=\"noopener\">S4C-informasjonsark<\/a><\/p><p style=\"padding-left: 40px;\"><a href=\"https:\/\/www.suto-itec.com\/wp-content\/uploads\/2023\/11\/S4C-FS_im_en_2023-1.pdf\" target=\"_blank\" rel=\"noopener\">Brukerh\u00e5ndbok for S4C-FS-appen<\/a><\/p><p style=\"padding-left: 40px;\"><em>*** G\u00e5 til denne nettsiden med smarttelefonen din og klikk p\u00e5 lenken for \u00e5 laste ned via App Store<\/em><\/p>\t\t\t\t\t\t\t\t<\/div>\n\t\t\t\t<\/div>\n\t\t\t\t<\/div>\n\t\t<div class=\"elementor-element elementor-element-74c53ac e-con-full e-flex e-con e-child\" data-id=\"74c53ac\" data-element_type=\"container\" data-e-type=\"container\">\n\t\t\t\t<div class=\"elementor-element elementor-element-5ff1d8c elementor-widget elementor-widget-heading\" data-id=\"5ff1d8c\" data-element_type=\"widget\" data-e-type=\"widget\" data-widget_type=\"heading.default\">\n\t\t\t\t<div class=\"elementor-widget-container\">\n\t\t\t\t\t<h2 class=\"elementor-heading-title elementor-size-default\">LineTech<\/h2>\t\t\t\t<\/div>\n\t\t\t\t<\/div>\n\t\t\t\t<div class=\"elementor-element elementor-element-4d0778c elementor-widget elementor-widget-text-editor\" data-id=\"4d0778c\" data-element_type=\"widget\" data-e-type=\"widget\" data-widget_type=\"text-editor.default\">\n\t\t\t\t<div class=\"elementor-widget-container\">\n\t\t\t\t\t\t\t\t\t<hr \/><p style=\"padding-left: 40px;\" class=\"translation-block\">Styrings- og overv\u00e5kingsprogramvare (Windows) for LineTech masseflowinstrumenter:<\/p><ul><li style=\"list-style-type: none;\"><ul><li><a href=\"https:\/\/www.line-tech.co.kr\/bbs\/download.php?bo_table=04_03_e&amp;wr_id=30&amp;no=0\" target=\"_blank\" rel=\"noopener\">DMFC for Windows<\/a><\/li><li><a href=\"https:\/\/www.line-tech.co.kr\/bbs\/download.php?bo_table=04_03_e&amp;wr_id=29&amp;no=0\" target=\"_blank\" rel=\"noopener\">DMFC manual<\/a><\/li><\/ul><\/li><\/ul>\t\t\t\t\t\t\t\t<\/div>\n\t\t\t\t<\/div>\n\t\t\t\t<\/div>\n\t\t\t\t<\/div>\n\t\t\t\t\t<\/div>\n\t\t\t\t<\/div>\n\t\t<div class=\"elementor-element elementor-element-7e5c4b6 e-flex e-con-boxed e-con e-parent\" data-id=\"7e5c4b6\" data-element_type=\"container\" data-e-type=\"container\">\n\t\t\t\t\t<div class=\"e-con-inner\">\n\t\t\t\t\t<\/div>\n\t\t\t\t<\/div>\n\t\t\t\t<\/div>","protected":false},"excerpt":{"rendered":"<p>Nedlastinger Alicat Kontroll- og overv\u00e5kingsprogramvare (Windows) for Alicat masseflyt- og trykkinstrumenter: Flow Vision 2.0-programvare FlowVision 2.0 brukerh\u00e5ndbok Smarttelefon-app for str\u00f8mningsavlesning og registrering av str\u00f8mningssekvenser for b\u00e6rbare Alicat MB\/MWB-str\u00f8mningsm\u00e5lere: Alicat connect App iOS (iPhone)***\/** Alicat connect App Andriod*** *** \u00c5pne denne nettsiden med smarttelefonen din og klikk p\u00e5 lenken for \u00e5 laste den<\/p>","protected":false},"author":6,"featured_media":0,"parent":0,"menu_order":0,"comment_status":"closed","ping_status":"closed","template":"","meta":{"_acf_changed":false,"content-type":"","site-sidebar-layout":"default","site-content-layout":"","ast-site-content-layout":"default","site-content-style":"default","site-sidebar-style":"default","ast-global-header-display":"","ast-banner-title-visibility":"","ast-main-header-display":"","ast-hfb-above-header-display":"","ast-hfb-below-header-display":"","ast-hfb-mobile-header-display":"","site-post-title":"","ast-breadcrumbs-content":"","ast-featured-img":"","footer-sml-layout":"","theme-transparent-header-meta":"default","adv-header-id-meta":"","stick-header-meta":"","header-above-stick-meta":"","header-main-stick-meta":"","header-below-stick-meta":"","astra-migrate-meta-layouts":"set","ast-page-background-enabled":"default","ast-page-background-meta":{"desktop":{"background-color":"","background-image":"","background-repeat":"repeat","background-position":"center center","background-size":"auto","background-attachment":"scroll","background-type":"","background-media":"","overlay-type":"","overlay-color":"","overlay-opacity":"","overlay-gradient":""},"tablet":{"background-color":"","background-image":"","background-repeat":"repeat","background-position":"center center","background-size":"auto","background-attachment":"scroll","background-type":"","background-media":"","overlay-type":"","overlay-color":"","overlay-opacity":"","overlay-gradient":""},"mobile":{"background-color":"","background-image":"","background-repeat":"repeat","background-position":"center center","background-size":"auto","background-attachment":"scroll","background-type":"","background-media":"","overlay-type":"","overlay-color":"","overlay-opacity":"","overlay-gradient":""}},"ast-content-background-meta":{"desktop":{"background-color":"var(--ast-global-color-5)","background-image":"","background-repeat":"repeat","background-position":"center center","background-size":"auto","background-attachment":"scroll","background-type":"","background-media":"","overlay-type":"","overlay-color":"","overlay-opacity":"","overlay-gradient":""},"tablet":{"background-color":"var(--ast-global-color-5)","background-image":"","background-repeat":"repeat","background-position":"center center","background-size":"auto","background-attachment":"scroll","background-type":"","background-media":"","overlay-type":"","overlay-color":"","overlay-opacity":"","overlay-gradient":""},"mobile":{"background-color":"var(--ast-global-color-5)","background-image":"","background-repeat":"repeat","background-position":"center center","background-size":"auto","background-attachment":"scroll","background-type":"","background-media":"","overlay-type":"","overlay-color":"","overlay-opacity":"","overlay-gradient":""}},"footnotes":""},"class_list":["post-16975","page","type-page","status-publish","hentry"],"acf":[],"_links":{"self":[{"href":"https:\/\/old.kompauto.com\/no\/wp-json\/wp\/v2\/pages\/16975","targetHints":{"allow":["GET"]}}],"collection":[{"href":"https:\/\/old.kompauto.com\/no\/wp-json\/wp\/v2\/pages"}],"about":[{"href":"https:\/\/old.kompauto.com\/no\/wp-json\/wp\/v2\/types\/page"}],"author":[{"embeddable":true,"href":"https:\/\/old.kompauto.com\/no\/wp-json\/wp\/v2\/users\/6"}],"replies":[{"embeddable":true,"href":"https:\/\/old.kompauto.com\/no\/wp-json\/wp\/v2\/comments?post=16975"}],"version-history":[{"count":6,"href":"https:\/\/old.kompauto.com\/no\/wp-json\/wp\/v2\/pages\/16975\/revisions"}],"predecessor-version":[{"id":18360,"href":"https:\/\/old.kompauto.com\/no\/wp-json\/wp\/v2\/pages\/16975\/revisions\/18360"}],"wp:attachment":[{"href":"https:\/\/old.kompauto.com\/no\/wp-json\/wp\/v2\/media?parent=16975"}],"curies":[{"name":"wp","href":"https:\/\/api.w.org\/{rel}","templated":true}]}}