{"id":8205,"date":"2023-06-12T10:39:49","date_gmt":"2023-06-12T10:39:49","guid":{"rendered":"https:\/\/kompauto.com\/?page_id=8205"},"modified":"2024-06-19T06:41:52","modified_gmt":"2024-06-19T06:41:52","slug":"alicat-service","status":"publish","type":"page","link":"https:\/\/old.kompauto.com\/en\/alicat-service\/","title":{"rendered":"Alicat Service"},"content":{"rendered":"<div data-elementor-type=\"wp-page\" data-elementor-id=\"8205\" class=\"elementor elementor-8205\" data-elementor-post-type=\"page\">\n\t\t\t\t\t\t<section class=\"elementor-section elementor-top-section elementor-element elementor-element-16bad8f8 elementor-section-content-middle elementor-section-boxed elementor-section-height-default elementor-section-height-default\" data-id=\"16bad8f8\" data-element_type=\"section\" data-e-type=\"section\" data-settings=\"{&quot;background_background&quot;:&quot;classic&quot;}\">\n\t\t\t\t\t\t\t<div class=\"elementor-background-overlay\"><\/div>\n\t\t\t\t\t\t\t<div class=\"elementor-container elementor-column-gap-no\">\n\t\t\t\t\t<div class=\"elementor-column elementor-col-100 elementor-top-column elementor-element elementor-element-48ead35e\" data-id=\"48ead35e\" data-element_type=\"column\" data-e-type=\"column\">\n\t\t\t<div class=\"elementor-widget-wrap elementor-element-populated\">\n\t\t\t\t\t\t<div class=\"elementor-element elementor-element-6262431 elementor-invisible elementor-widget elementor-widget-heading\" data-id=\"6262431\" data-element_type=\"widget\" data-e-type=\"widget\" data-settings=\"{&quot;_animation&quot;:&quot;fadeIn&quot;}\" data-widget_type=\"heading.default\">\n\t\t\t\t<div class=\"elementor-widget-container\">\n\t\t\t\t\t<h1 class=\"elementor-heading-title elementor-size-default\">Alicat Service<\/h1>\t\t\t\t<\/div>\n\t\t\t\t<\/div>\n\t\t\t\t\t<\/div>\n\t\t<\/div>\n\t\t\t\t\t<\/div>\n\t\t<\/section>\n\t\t\t\t<section class=\"elementor-section elementor-top-section elementor-element elementor-element-bb0ad8c elementor-section-boxed elementor-section-height-default elementor-section-height-default\" data-id=\"bb0ad8c\" data-element_type=\"section\" data-e-type=\"section\">\n\t\t\t\t\t\t<div class=\"elementor-container elementor-column-gap-default\">\n\t\t\t\t\t<div class=\"elementor-column elementor-col-100 elementor-top-column elementor-element elementor-element-9f919c9\" data-id=\"9f919c9\" data-element_type=\"column\" data-e-type=\"column\">\n\t\t\t<div class=\"elementor-widget-wrap elementor-element-populated\">\n\t\t\t\t\t\t<section class=\"elementor-section elementor-inner-section elementor-element elementor-element-fdf8041 elementor-section-boxed elementor-section-height-default elementor-section-height-default\" data-id=\"fdf8041\" data-element_type=\"section\" data-e-type=\"section\">\n\t\t\t\t\t\t<div class=\"elementor-container elementor-column-gap-default\">\n\t\t\t\t\t<div class=\"elementor-column elementor-col-50 elementor-inner-column elementor-element elementor-element-d2dce28\" data-id=\"d2dce28\" data-element_type=\"column\" data-e-type=\"column\">\n\t\t\t<div class=\"elementor-widget-wrap elementor-element-populated\">\n\t\t\t\t\t\t<div class=\"elementor-element elementor-element-f8d156d elementor-widget elementor-widget-text-editor\" data-id=\"f8d156d\" data-element_type=\"widget\" data-e-type=\"widget\" data-widget_type=\"text-editor.default\">\n\t\t\t\t<div class=\"elementor-widget-container\">\n\t\t\t\t\t\t\t\t\t<h2 style=\"font-size: 2.35294rem; font-style: normal; margin-bottom: 7px;\" data-elementor-setting-key=\"title_text\" data-elementor-inline-editing-toolbar=\"none\" data-pen-placeholder=\"Type Here...\">Alicat Service Centre<\/h2><p><span style=\"white-space-collapse: preserve;\">Whilst annual calibration of your Mass Flow Meter or Mass Flow Controller device is not a pre-requisite, it is possible that your QA System might require Certified Annual Recalibration. Here is a Sample <a href=\"https:\/\/www.alicat.com\/support\/calibration-and-accuracy-specifications-for-alicat-devices\/\" target=\"_blank\" rel=\"noopener\">Certificate of Calibration<\/a>. <\/span><\/p><p><span style=\"white-space-collapse: preserve;\">Equally, you may wish to consider an annual \u201chealth check\u201d as over time, minor physical changes to the laminar flow elements and pressure sensors inside the device, such as particulate deposits or damaged flow elements, can alter the flow characteristics of the device\u2019s flow path. Remember, all Alicat instruments are covered by an initial Three Year Warranty, further enhanced by the Limited Lifetime Warranty! For further details please see Alicat\u2019s limited lifetime warranty page here. <a href=\"https:\/\/www.alicat.com\/support\/alicat-limited-lifetime-warranty\/\" target=\"_blank\" rel=\"noopener\">here<\/a>. <\/span><\/p><p><span style=\"white-space-collapse: preserve;\">Full Scale ranges outside of the above limits, High Accuracy adder codes, Pressure and Liquid calibrations continue be performed via the Alicat Global Service Centre Network.<\/span><\/p>\t\t\t\t\t\t\t\t<\/div>\n\t\t\t\t<\/div>\n\t\t\t\t<div class=\"elementor-element elementor-element-e7ddc44 elementor-widget__width-initial elementor-widget elementor-widget-text-editor\" data-id=\"e7ddc44\" data-element_type=\"widget\" data-e-type=\"widget\" data-widget_type=\"text-editor.default\">\n\t\t\t\t<div class=\"elementor-widget-container\">\n\t\t\t\t\t\t\t\t\t<h4>How to order service?<\/h4><p><span style=\"font-size: 16px;\">To order service for your devices, please fill in your service order request in below Alicat Service order form. Our service team will review your request and register your service order within 24 hours (workdays). Service order confirmation containing shipping instructions will be sent to your e-mail address entered in below form.<\/span><\/p>\t\t\t\t\t\t\t\t<\/div>\n\t\t\t\t<\/div>\n\t\t\t\t\t<\/div>\n\t\t<\/div>\n\t\t\t\t<div class=\"elementor-column elementor-col-50 elementor-inner-column elementor-element elementor-element-2ee10ed\" data-id=\"2ee10ed\" data-element_type=\"column\" data-e-type=\"column\">\n\t\t\t<div class=\"elementor-widget-wrap elementor-element-populated\">\n\t\t\t\t\t\t<div class=\"elementor-element elementor-element-37e1c3f elementor-widget elementor-widget-text-editor\" data-id=\"37e1c3f\" data-element_type=\"widget\" data-e-type=\"widget\" data-widget_type=\"text-editor.default\">\n\t\t\t\t<div class=\"elementor-widget-container\">\n\t\t\t\t\t\t\t\t\t<div><h4 style=\"font-size: 1.41176rem; font-style: normal; margin-bottom: 7px;\" data-elementor-setting-key=\"title_text\" data-elementor-inline-editing-toolbar=\"none\" data-pen-placeholder=\"Type Here...\">Services<\/h4><\/div><ul style=\"font-size: 17px; font-style: normal; font-weight: 400;\"><li style=\"font-size: 17px;\">Calibration<\/li><li style=\"font-size: 17px;\">Cleaning<\/li><li style=\"font-size: 17px;\">Repairs<\/li><li style=\"font-size: 17px;\">Rekonfigurations<\/li><li style=\"font-size: 17px;\">Re-ranging<\/li><li style=\"font-size: 17px;\">Valve Tuning<\/li><li style=\"font-size: 17px;\">Firmware Updates<\/li><li style=\"font-size: 17px;\">Special engineering requests<\/li><\/ul><div><h4 style=\"font-size: 1.41176rem; font-style: normal; margin-bottom: 7px;\" data-elementor-setting-key=\"title_text\" data-elementor-inline-editing-toolbar=\"none\" data-pen-placeholder=\"Type Here...\"><img fetchpriority=\"high\" decoding=\"async\" src=\"https:\/\/old.kompauto.com\/wp-content\/uploads\/2024\/05\/alicat-mc-300x300.png\" alt=\"A mass flow controller for gas and air is used to regulate a desired flow.\" width=\"300\" height=\"300\" \/><\/h4><\/div>\t\t\t\t\t\t\t\t<\/div>\n\t\t\t\t<\/div>\n\t\t\t\t<div class=\"elementor-element elementor-element-b3169a1 elementor-widget elementor-widget-text-editor\" data-id=\"b3169a1\" data-element_type=\"widget\" data-e-type=\"widget\" data-widget_type=\"text-editor.default\">\n\t\t\t\t<div class=\"elementor-widget-container\">\n\t\t\t\t\t\t\t\t\t<h4>Want to speak with a person?<\/h4><p>Of course, you can always call us and we will guide you whether you\u2019ll need service, and what kind of service for you devices. See phone number in page footer, or just fill in our <a href=\"https:\/\/old.kompauto.com\/en\/contact-us\/\">general contact form here<\/a>.<\/p>\t\t\t\t\t\t\t\t<\/div>\n\t\t\t\t<\/div>\n\t\t\t\t\t<\/div>\n\t\t<\/div>\n\t\t\t\t\t<\/div>\n\t\t<\/section>\n\t\t\t\t\t<\/div>\n\t\t<\/div>\n\t\t\t\t\t<\/div>\n\t\t<\/section>\n\t\t\t\t<section class=\"elementor-section elementor-top-section elementor-element elementor-element-a643871 elementor-section-full_width elementor-section-height-default elementor-section-height-default\" data-id=\"a643871\" data-element_type=\"section\" data-e-type=\"section\">\n\t\t\t\t\t\t<div class=\"elementor-container elementor-column-gap-default\">\n\t\t\t\t\t<div class=\"elementor-column elementor-col-100 elementor-top-column elementor-element elementor-element-f169401\" data-id=\"f169401\" data-element_type=\"column\" data-e-type=\"column\">\n\t\t\t<div class=\"elementor-widget-wrap elementor-element-populated\">\n\t\t\t\t\t\t<div class=\"elementor-element elementor-element-6e57f11 elementor-widget elementor-widget-html\" data-id=\"6e57f11\" data-element_type=\"widget\" data-e-type=\"widget\" data-widget_type=\"html.default\">\n\t\t\t\t<div class=\"elementor-widget-container\">\n\t\t\t\t\t<iframe width=\"640px\" height=\"480px\" src=\"https:\/\/forms.office.com\/Pages\/ResponsePage.aspx?id=9t25OUNkrEGgv1HMnzUBh7sJJx8JOFRJioIWPQ8ALitUM0dTNzdDMjNVNFRaS0JWSkdXV0lVSVBGMSQlQCN0PWcu&embed=true\" frameborder=\"0\" marginwidth=\"0\" marginheight=\"0\" style=\"border: none; max-width:100%; max-height:100vh\" allowfullscreen webkitallowfullscreen mozallowfullscreen msallowfullscreen> <\/iframe>\t\t\t\t<\/div>\n\t\t\t\t<\/div>\n\t\t\t\t\t<\/div>\n\t\t<\/div>\n\t\t\t\t\t<\/div>\n\t\t<\/section>\n\t\t\t\t<\/div>","protected":false},"excerpt":{"rendered":"<p>Alicat Service Alicat servicecenter \u00c4ven om \u00e5rlig kalibrering av massfl\u00f6desm\u00e4tare eller massfl\u00f6deskontrollers inte \u00e4r en f\u00f6ruts\u00e4ttning, \u00e4r det m\u00f6jligt att er kvalitetspolicy kan kr\u00e4va certifierad \u00e5rlig omkalibrering. H\u00e4r \u00e4r ett exempel p\u00e5 kalibreringscertifikat. P\u00e5 samma s\u00e4tt kan ni \u00f6verv\u00e4ga en \u00e5rlig &#8221;h\u00e4lsokontroll&#8221; eftersom mindre fysiska f\u00f6r\u00e4ndringar av de lamin\u00e4ra fl\u00f6deselementen och trycksensorerna inuti enheten, s\u00e5som [&hellip;]<\/p>","protected":false},"author":6,"featured_media":0,"parent":0,"menu_order":0,"comment_status":"closed","ping_status":"closed","template":"","meta":{"_acf_changed":false,"content-type":"","site-sidebar-layout":"no-sidebar","site-content-layout":"page-builder","ast-site-content-layout":"full-width-container","site-content-style":"unboxed","site-sidebar-style":"unboxed","ast-global-header-display":"","ast-banner-title-visibility":"","ast-main-header-display":"","ast-hfb-above-header-display":"","ast-hfb-below-header-display":"","ast-hfb-mobile-header-display":"","site-post-title":"disabled","ast-breadcrumbs-content":"","ast-featured-img":"disabled","footer-sml-layout":"","theme-transparent-header-meta":"default","adv-header-id-meta":"","stick-header-meta":"default","header-above-stick-meta":"","header-main-stick-meta":"","header-below-stick-meta":"","astra-migrate-meta-layouts":"set","ast-page-background-enabled":"default","ast-page-background-meta":{"desktop":{"background-color":"","background-image":"","background-repeat":"repeat","background-position":"center center","background-size":"auto","background-attachment":"scroll","background-type":"","background-media":"","overlay-type":"","overlay-color":"","overlay-opacity":"","overlay-gradient":""},"tablet":{"background-color":"","background-image":"","background-repeat":"repeat","background-position":"center center","background-size":"auto","background-attachment":"scroll","background-type":"","background-media":"","overlay-type":"","overlay-color":"","overlay-opacity":"","overlay-gradient":""},"mobile":{"background-color":"","background-image":"","background-repeat":"repeat","background-position":"center center","background-size":"auto","background-attachment":"scroll","background-type":"","background-media":"","overlay-type":"","overlay-color":"","overlay-opacity":"","overlay-gradient":""}},"ast-content-background-meta":{"desktop":{"background-color":"var(--ast-global-color-5)","background-image":"","background-repeat":"repeat","background-position":"center center","background-size":"auto","background-attachment":"scroll","background-type":"","background-media":"","overlay-type":"","overlay-color":"","overlay-opacity":"","overlay-gradient":""},"tablet":{"background-color":"var(--ast-global-color-5)","background-image":"","background-repeat":"repeat","background-position":"center center","background-size":"auto","background-attachment":"scroll","background-type":"","background-media":"","overlay-type":"","overlay-color":"","overlay-opacity":"","overlay-gradient":""},"mobile":{"background-color":"var(--ast-global-color-5)","background-image":"","background-repeat":"repeat","background-position":"center center","background-size":"auto","background-attachment":"scroll","background-type":"","background-media":"","overlay-type":"","overlay-color":"","overlay-opacity":"","overlay-gradient":""}},"footnotes":""},"class_list":["post-8205","page","type-page","status-publish","hentry"],"acf":[],"_links":{"self":[{"href":"https:\/\/old.kompauto.com\/en\/wp-json\/wp\/v2\/pages\/8205","targetHints":{"allow":["GET"]}}],"collection":[{"href":"https:\/\/old.kompauto.com\/en\/wp-json\/wp\/v2\/pages"}],"about":[{"href":"https:\/\/old.kompauto.com\/en\/wp-json\/wp\/v2\/types\/page"}],"author":[{"embeddable":true,"href":"https:\/\/old.kompauto.com\/en\/wp-json\/wp\/v2\/users\/6"}],"replies":[{"embeddable":true,"href":"https:\/\/old.kompauto.com\/en\/wp-json\/wp\/v2\/comments?post=8205"}],"version-history":[{"count":0,"href":"https:\/\/old.kompauto.com\/en\/wp-json\/wp\/v2\/pages\/8205\/revisions"}],"wp:attachment":[{"href":"https:\/\/old.kompauto.com\/en\/wp-json\/wp\/v2\/media?parent=8205"}],"curies":[{"name":"wp","href":"https:\/\/api.w.org\/{rel}","templated":true}]}}